{"id":25433,"date":"2021-09-23T10:01:25","date_gmt":"2021-09-23T10:04:43","guid":{"rendered":"https:\/\/evotek.md\/?post_type=product&#038;p=25433"},"modified":"2025-02-24T10:10:27","modified_gmt":"2025-02-24T10:10:27","slug":"plita-electrica-cu-inductie-6x-emp-pls-9ind030","status":"publish","type":"product","link":"https:\/\/evotek.md\/ro\/produse\/echipamente-termice\/plite-cu-inductie\/plita-electrica-cu-inductie-6x-emp-pls-9ind030\/","title":{"rendered":"PLITA CU INDUCTIE 6 ARZATOARE -EMP.PLS.9IND030"},"content":{"rendered":"<p><strong>PLITA CU INDUCTIE 6 ARZATOARE -EMP.PLS.9IND030<\/strong>&#8211; Dispozitivul este destinat utiliz\u0103rii profesionale \u0219i se instaleaz\u0103 \u00een incintele unit\u0103\u021bilor de alimenta\u021bie public\u0103 (baruri, pizzerii, restaurante etc.). Func\u021bionarea aparatului nu necesit\u0103 o preg\u0103tire special\u0103, cu toate acestea, utilizatorii trebuie s\u0103 aib\u0103 abilit\u0103\u021bile adecvate \u00een sectorul alimenta\u021biei. Suprafa\u021b\u0103 de lucru este din sticl\u0103. U\u0219or de cur\u0103\u021bat \u0219i igienic. Corp din o\u021bel inoxidabil.<\/p>\n<p>Caracteristici<\/p>\n<p>Parametri: 1200x900x300 mm<br \/>\nGreutate: 90 kg<br \/>\nNet: 0.32 m3<br \/>\nPutere: 21 kW<br \/>\nIntrare electric\u0103: 400 V<br \/>\nSec\u021biunea cablului (mm2): 5\u00d74<\/p>\n","protected":false},"excerpt":{"rendered":"<p>Plit\u0103 electric\u0103 cu induc\u021bie, cu 6 suprafe\u021be de pr\u0103jire. Parametri: 1200x900x300 mm; Greutate: 90 kg; Net: 0.32 m3; Putere: 21 kW; Intrare electric\u0103: 400 V; Sec\u021biunea cablului (mm2): 5\u00d74.<\/p>\n","protected":false},"featured_media":42136,"template":"","meta":[],"_links":{"self":[{"href":"https:\/\/evotek.md\/ro\/wp-json\/wp\/v2\/product\/25433"}],"collection":[{"href":"https:\/\/evotek.md\/ro\/wp-json\/wp\/v2\/product"}],"about":[{"href":"https:\/\/evotek.md\/ro\/wp-json\/wp\/v2\/types\/product"}],"wp:featuredmedia":[{"embeddable":true,"href":"https:\/\/evotek.md\/ro\/wp-json\/wp\/v2\/media\/42136"}],"wp:attachment":[{"href":"https:\/\/evotek.md\/ro\/wp-json\/wp\/v2\/media?parent=25433"}],"curies":[{"name":"wp","href":"https:\/\/api.w.org\/{rel}","templated":true}]}}