{"id":25430,"date":"2021-09-23T09:10:26","date_gmt":"2021-09-23T09:14:47","guid":{"rendered":"https:\/\/evotek.md\/?post_type=product&#038;p=25430"},"modified":"2023-01-18T14:21:39","modified_gmt":"2023-01-18T14:21:39","slug":"plita-electrica-cu-inductie-4x-emp-pls-9ind020","status":"publish","type":"product","link":"https:\/\/evotek.md\/ro\/produse\/echipamente-termice\/plite-cu-inductie\/plita-electrica-cu-inductie-4x-emp-pls-9ind020\/","title":{"rendered":"PLITA CU INDUCTIE 4 ARZATOARE -EMP.PLS.9IND020"},"content":{"rendered":"<p><strong>PLITA CU INDUCTIE 4 ARZATOARE -EMP.PLS.9IND020<\/strong>\u2013 Dispozitivul este destinat utiliz\u0103rii profesionale \u0219i se instaleaz\u0103 \u00een incintele unit\u0103\u021bilor de alimenta\u021bie public\u0103 (baruri, pizzerii, restaurante etc.). Func\u021bionarea aparatului nu necesit\u0103 o preg\u0103tire special\u0103, cu toate acestea, utilizatorii trebuie s\u0103 aib\u0103 abilit\u0103\u021bile adecvate \u00een sectorul alimenta\u021biei. Suprafa\u021ba de lucru este din sticl\u0103. U\u0219or de cur\u0103\u021bat \u0219i igienic. Carcas\u0103 din o\u021bel inoxidabil.<\/p>\n<p>Caracteristici<\/p>\n<p>Parametri: 800x900x300 mm<br \/>\nGreutate: 56 kg<br \/>\nNet: 0.22 m3<br \/>\nPutere: 14 kW<br \/>\nIntrare electric\u0103: 400 V<br \/>\nSec\u021biunea cablului (mm2): 5\u00d74<\/p>\n","protected":false},"excerpt":{"rendered":"<p>Plit\u0103 electric\u0103 cu induc\u021bie. Parametri: 800x900x300 mm; Greutate: 56 kg; Net: 0.22 m3; Putere: 14 kW; Intrare electric\u0103: 400 V; Sec\u021biunea cablului (mm2): 5\u00d74.<\/p>\n","protected":false},"featured_media":25416,"template":"","meta":[],"_links":{"self":[{"href":"https:\/\/evotek.md\/ro\/wp-json\/wp\/v2\/product\/25430"}],"collection":[{"href":"https:\/\/evotek.md\/ro\/wp-json\/wp\/v2\/product"}],"about":[{"href":"https:\/\/evotek.md\/ro\/wp-json\/wp\/v2\/types\/product"}],"wp:featuredmedia":[{"embeddable":true,"href":"https:\/\/evotek.md\/ro\/wp-json\/wp\/v2\/media\/25416"}],"wp:attachment":[{"href":"https:\/\/evotek.md\/ro\/wp-json\/wp\/v2\/media?parent=25430"}],"curies":[{"name":"wp","href":"https:\/\/api.w.org\/{rel}","templated":true}]}}