{"id":25425,"date":"2021-09-23T08:30:38","date_gmt":"2021-09-23T08:38:33","guid":{"rendered":"https:\/\/evotek.md\/?post_type=product&#038;p=25425"},"modified":"2023-01-18T10:23:14","modified_gmt":"2023-01-18T10:23:14","slug":"plita-cu-inductie-electrica-2x-emp-pls-7ind010-2","status":"publish","type":"product","link":"https:\/\/evotek.md\/ro\/produse\/echipamente-termice\/plite-cu-inductie\/plita-cu-inductie-electrica-2x-emp-pls-7ind010-2\/","title":{"rendered":"PLITA CU INDUCTIE 2 ARZATOARE -EMP.PLS.9IND010"},"content":{"rendered":"<p><strong>PLITA CU INDUCTIE 2 ARZATOARE -EMP.PLS.9IND010-<\/strong> Dispozitivul este destinat utiliz\u0103rii profesionale \u0219i este instalat \u00een incintele unit\u0103\u021bilor de alimenta\u021bie public\u0103 (baruri, pizzerii, restaurante etc.). Func\u021bionarea aparatului nu necesit\u0103 o preg\u0103tire special\u0103, cu toate acestea, utilizatorii trebuie s\u0103 aib\u0103 abilit\u0103\u021bile adecvate \u00een sectorul alimenta\u021biei. Suprafa\u021b\u0103 de lucru este din sticl\u0103. U\u0219or de cur\u0103\u021bat \u0219i igienic. Carcasa din o\u021bel inoxidabil.<\/p>\n<p>Caracteristici<\/p>\n<p>Parametri: 400x900x300 mm<br \/>\nGreutate: 34 KG<br \/>\nNet: 0,11 m3<br \/>\nPutere: 7 kW<br \/>\nIntrare electric\u0103: 230 V<br \/>\nSec\u021biunea cablului: 3&#215;4 mm2<\/p>\n","protected":false},"excerpt":{"rendered":"<p>Plit\u0103 cu induc\u021bie electric\u0103. Parametri: 400x900x300 mm; Greutate: 34 KG; Net: 0,11 m3; Putere: 7 kW; Intrare electric\u0103: 230 V; Sec\u021biunea cablului: 3&#215;4 mm2.<\/p>\n","protected":false},"featured_media":25411,"template":"","meta":[],"_links":{"self":[{"href":"https:\/\/evotek.md\/ro\/wp-json\/wp\/v2\/product\/25425"}],"collection":[{"href":"https:\/\/evotek.md\/ro\/wp-json\/wp\/v2\/product"}],"about":[{"href":"https:\/\/evotek.md\/ro\/wp-json\/wp\/v2\/types\/product"}],"wp:featuredmedia":[{"embeddable":true,"href":"https:\/\/evotek.md\/ro\/wp-json\/wp\/v2\/media\/25411"}],"wp:attachment":[{"href":"https:\/\/evotek.md\/ro\/wp-json\/wp\/v2\/media?parent=25425"}],"curies":[{"name":"wp","href":"https:\/\/api.w.org\/{rel}","templated":true}]}}