{"id":2542,"date":"2020-02-19T15:28:13","date_gmt":"2020-02-19T15:28:13","guid":{"rendered":"https:\/\/evotek.md\/?post_type=product&#038;p=2542"},"modified":"2021-06-18T13:14:30","modified_gmt":"2021-06-18T13:14:30","slug":"cuptor-cu-abur-ekf-711-ud","status":"publish","type":"product","link":"https:\/\/evotek.md\/ro\/produse\/echipamente-termice\/cuptoare-cu-abur-2-teplovoe-oborudovanie\/cuptor-cu-abur-ekf-711-ud\/","title":{"rendered":"CUPTOR CU ABUR, 7 NIVELE &#8211; EKF 711 UD"},"content":{"rendered":"<p><strong>CUPTOR CU ABUR, 7 NIVELE &#8211; EKF 711 UD-<\/strong> Cuptorul este conceput pentru prepararea unei game largi de feluri de m\u00e2ncare: carne, pe\u0219te, fructe de mare, legume, garnituri \u0219i produse coapte, \u00een unit\u0103\u021bile de alimenta\u021bie public\u0103 \u0219i \u00een magazinele de produc\u021bie, a c\u0103ror activitate este asociat\u0103 cu produc\u021bia de produse gastronomice. Aparatul permite preg\u0103tirea simultan\u0103 a mai multor feluri de m\u00e2ncare, f\u0103r\u0103 a le amesteca mirosurile \u0219i gusturile.<\/p>\n<p>Panoul de control avansat al dispozitivului faciliteaz\u0103 reglarea temperaturii \u0219i timpul de g\u0103tire. Cuptorul cu abur ofer\u0103 mai multe op\u021biuni de climatizare a camerei interioare: de la c\u0103ldur\u0103 \u201euscat\u0103\u201d p\u00e2n\u0103 la umiditate maxim\u0103 \u0219i invers. Iluminarea interioar\u0103 \u0219i sticla dubl\u0103 rezistent\u0103 la c\u0103ldur\u0103 \u00een u\u0219a batant\u0103 v\u0103 permit s\u0103 observa\u021bi procesul de g\u0103tit f\u0103r\u0103 a fi necesar s\u0103 deschide\u021bi u\u0219a.<\/p>\n<p>Facilit\u0103\u021bi: 2 ventilatoare reversibile; Cre\u0219terea izola\u021biei termice; R\u0103cire for\u021bat\u0103 pentru protejarea componentelor electrice; R\u0103cirea geamului u\u0219ii exterioare; Senzor pentru u\u0219\u0103 deschis\u0103; F\u0103r\u0103 g\u0103uri pe pere\u021bii cuptorului; Balamale \u0219i suporturi pentru u\u0219i noi pentru o cur\u0103\u021bare u\u0219oar\u0103; Toate piesele sunt din inox; Nivel de protec\u021bie: IPX3.<\/p>\n<p><strong>*Pentru a beneficia de garan\u021bie este obligatoriu de a fi instalat filtru DVA pentru acest echipament.<\/strong><\/p>\n<p>Caracteristici<\/p>\n<p>Conexiune: 380 V<\/p>\n<p>Num\u0103r de nivele: 7<\/p>\n<p>Distan\u021ba dintre niveluri: 68 mm<\/p>\n<p>Tipul recipientului gastronomic: GN 1\/1<\/p>\n<p>Dimensiunea recipientului gastronomic (extern \/ intern): 530&#215;325 \/ 500&#215;300 mm<\/p>\n<p>Panou de control: mecanic<\/p>\n<p>Metoda de generare a aburului: injector<\/p>\n<p>Stare de temperatur\u0103: de la 100 la 275 \u00b0 \u0421<\/p>\n<p>Putere: 8,4 kW<\/p>\n<p>Parametri: 935x930x825 mm<\/p>\n<p>Greutate: 94,4 kg<\/p>\n<p>Mod de convec\u021bie: p\u00e2n\u0103 la 275 \u00b0 \u0421<\/p>\n<p>Modul abur: p\u00e2n\u0103 la 100 \u00b0 \u0421<\/p>\n<p>Mod combinat: abur + convec\u021bie &#8211; de la 50 la 275 \u00b0 \u0421<\/p>\n<p>\u021aara de origine: Italia<\/p>\n<p>&nbsp;<\/p>\n<p>&nbsp;<\/p>\n","protected":false},"excerpt":{"rendered":"<p>Cuptor cu abur cu 7 nivele. Conexiune: 380 V; Num\u0103r de niveluri: 7; Distan\u021ba dintre niveluri: 68 mm; Tipul recipientului gastronomic: GN 1\/1; Dimensiunea recipientului gastronomic (extern \/ intern): 530&#215;325 \/ 500&#215;300 mm; Panou de control: mecanic; Metoda de generare a aburului: injector; Stare de temperatur\u0103: de la 100 la 275 \u00b0 \u0421; Putere: 8,4 kW; Parametri: 935x930x825 mm: Greutate: 94,4 kg; Mod de convec\u021bie: p\u00e2n\u0103 la 275 \u00b0 \u0421; Modul abur: p\u00e2n\u0103 la 100 \u00b0 \u0421; Mod combinat: abur + convec\u021bie &#8211; de la 50 la 275 \u00b0 \u0421; \u021aara de origine: Italia.<\/p>\n<p><strong>*T\u0103vile GN \u0219i t\u0103vile pentru patiserie nu sunt incluse \u00een set.<\/strong><br \/>\n<strong>*Recomand\u0103m instalarea adi\u021bional\u0103 a unui filtru DVA pentru o bun\u0103 func\u021bionare a cuptorului.<\/strong><\/p>\n<p>&nbsp;<\/p>\n","protected":false},"featured_media":2541,"template":"","meta":[],"_links":{"self":[{"href":"https:\/\/evotek.md\/ro\/wp-json\/wp\/v2\/product\/2542"}],"collection":[{"href":"https:\/\/evotek.md\/ro\/wp-json\/wp\/v2\/product"}],"about":[{"href":"https:\/\/evotek.md\/ro\/wp-json\/wp\/v2\/types\/product"}],"wp:featuredmedia":[{"embeddable":true,"href":"https:\/\/evotek.md\/ro\/wp-json\/wp\/v2\/media\/2541"}],"wp:attachment":[{"href":"https:\/\/evotek.md\/ro\/wp-json\/wp\/v2\/media?parent=2542"}],"curies":[{"name":"wp","href":"https:\/\/api.w.org\/{rel}","templated":true}]}}