{"id":25419,"date":"2021-09-22T14:41:22","date_gmt":"2021-09-22T14:45:27","guid":{"rendered":"https:\/\/evotek.md\/?post_type=product&#038;p=25419"},"modified":"2023-01-18T14:20:39","modified_gmt":"2023-01-18T14:20:39","slug":"plita-electrica-cu-inductie-6x-emp-pls-7ind030","status":"publish","type":"product","link":"https:\/\/evotek.md\/ro\/produse\/echipamente-termice\/plite-cu-inductie\/plita-electrica-cu-inductie-6x-emp-pls-7ind030\/","title":{"rendered":"PLITA CU INDUCTIE 6 ARZATOARE -EMP.PLS.7IND030"},"content":{"rendered":"<p><strong>PLITA CU INDUCTIE 6 ARZATOARE -EMP.PLS.7IND030-<\/strong> Dispozitivul este destinat utiliz\u0103rii profesionale \u0219i se instaleaz\u0103 \u00een incintele unit\u0103\u021bilor de alimenta\u021bie public\u0103 (baruri, pizzerii, restaurante etc.). Func\u021bionarea aparatului nu necesit\u0103 o preg\u0103tire special\u0103, cu toate acestea, utilizatorii trebuie s\u0103 aib\u0103 abilit\u0103\u021bile adecvate \u00een sectorul alimenta\u021biei. Suprafa\u021b\u0103 de lucru este din sticl\u0103. U\u0219or de cur\u0103\u021bat \u0219i igienic. Corp din o\u021bel inoxidabil.<\/p>\n<p>Caracteristici<\/p>\n<p>Parametri: 1200x730x300 mm<br \/>\nGreutate: 77 kg<br \/>\nNet: 0,26 m3<br \/>\nPutere: 18 kW<br \/>\nIntrare electric\u0103: 400 V<br \/>\nSec\u021biunea cablului (mm2): 5&#215;4<\/p>\n","protected":false},"excerpt":{"rendered":"<p>Plit\u0103 electric\u0103 cu induc\u021bie, cu 6 suprafe\u021be de pr\u0103jire. Parametri: 1200x730x300 mm; Greutate: 77 kg; Net: 0,26 m3; Putere: 18 kW; Intrare electric\u0103: 400 V; Sec\u021biunea cablului (mm2): 5&#215;4.<\/p>\n","protected":false},"featured_media":32155,"template":"","meta":[],"_links":{"self":[{"href":"https:\/\/evotek.md\/ro\/wp-json\/wp\/v2\/product\/25419"}],"collection":[{"href":"https:\/\/evotek.md\/ro\/wp-json\/wp\/v2\/product"}],"about":[{"href":"https:\/\/evotek.md\/ro\/wp-json\/wp\/v2\/types\/product"}],"wp:featuredmedia":[{"embeddable":true,"href":"https:\/\/evotek.md\/ro\/wp-json\/wp\/v2\/media\/32155"}],"wp:attachment":[{"href":"https:\/\/evotek.md\/ro\/wp-json\/wp\/v2\/media?parent=25419"}],"curies":[{"name":"wp","href":"https:\/\/api.w.org\/{rel}","templated":true}]}}