{"id":25406,"date":"2021-09-22T10:47:24","date_gmt":"2021-09-22T10:50:48","guid":{"rendered":"https:\/\/evotek.md\/?post_type=product&#038;p=25406"},"modified":"2023-03-16T13:48:26","modified_gmt":"2023-03-16T13:48:26","slug":"perie-din-silicon-pentru-patiserie-50-mm-st-522080","status":"publish","type":"product","link":"https:\/\/evotek.md\/ro\/produse\/accesorii-si-inventar-bucatarie\/accesorii-pentru-bar\/perie-din-silicon-pentru-patiserie-50-mm-st-522080\/","title":{"rendered":"PERIE DIN SILICON PENTRU PATISERIE CU REZISTENTA TERMICA, 50 mm -ST-522080"},"content":{"rendered":"<p><strong>PERIE DIN SILICON PENTRU PATISERIE 50 mm -ST-522080-<\/strong> Perie pentru patiserie din silicon, u\u0219or de cur\u0103\u021bat, nu absoarbe mirosurile, m\u00e2ner din o\u021bel inoxidabil.<\/p>\n<p>Caracteristici<br \/>\nL\u0103\u021bime: 50 mm<br \/>\nLungime: 280 mm<br \/>\nRezistent la temperatur\u0103 p\u00e2n\u0103 la 230 C<br \/>\nU\u0219or de cur\u0103\u021bat, nu absoarbe mirosurile<br \/>\nM\u00e2ner din o\u021bel inoxidabil<\/p>\n","protected":false},"excerpt":{"rendered":"<p>Perie din silicon pentru patiserie. L\u0103\u021bime: 50 mm; Lungime: 280 mm; Rezistent la temperatur\u0103 p\u00e2n\u0103 la 230 C; U\u0219or de cur\u0103\u021bat, nu absoarbe mirosurile; M\u00e2ner din o\u021bel inoxidabil.<\/p>\n","protected":false},"featured_media":25405,"template":"","meta":[],"_links":{"self":[{"href":"https:\/\/evotek.md\/ro\/wp-json\/wp\/v2\/product\/25406"}],"collection":[{"href":"https:\/\/evotek.md\/ro\/wp-json\/wp\/v2\/product"}],"about":[{"href":"https:\/\/evotek.md\/ro\/wp-json\/wp\/v2\/types\/product"}],"wp:featuredmedia":[{"embeddable":true,"href":"https:\/\/evotek.md\/ro\/wp-json\/wp\/v2\/media\/25405"}],"wp:attachment":[{"href":"https:\/\/evotek.md\/ro\/wp-json\/wp\/v2\/media?parent=25406"}],"curies":[{"name":"wp","href":"https:\/\/api.w.org\/{rel}","templated":true}]}}