{"id":25396,"date":"2021-09-21T14:43:41","date_gmt":"2021-09-21T14:53:33","guid":{"rendered":"https:\/\/evotek.md\/?post_type=product&#038;p=25396"},"modified":"2022-09-16T14:53:02","modified_gmt":"2022-09-16T14:53:02","slug":"zdrobitor-din-inox-pentru-cartofi-460-mm-st-314460","status":"publish","type":"product","link":"https:\/\/evotek.md\/ro\/produse\/accesorii-si-inventar-bucatarie\/inventar-pentru-servire-bucate\/zdrobitor-din-inox-pentru-cartofi-460-mm-st-314460\/","title":{"rendered":"ZDROBITOR DIN INOX PENTRU CARTOFI 460 mm -ST-314460"},"content":{"rendered":"<p><strong>ZDROBITOR DIN INOX PENTRU CARTOFI 460 mm -ST-314460<\/strong>&#8211; Zdrobitor de cartofi este o ustensil\u0103 profesional\u0103 de buc\u0103t\u0103rie de calitate european\u0103 pentru hotele, restaurante, cafenele \u0219i baruri.<\/p>\n<p>Caracteristici<\/p>\n<p>Diametru: 120 mm<br \/>\nLungime: 460 mm<br \/>\nMaterial: o\u021bel inoxidabil<\/p>\n","protected":false},"excerpt":{"rendered":"<p>Zdrobitor din inox pentru cartofi. Diametru: 120 mm; Lungime: 460 mm.<\/p>\n","protected":false},"featured_media":25395,"template":"","meta":[],"_links":{"self":[{"href":"https:\/\/evotek.md\/ro\/wp-json\/wp\/v2\/product\/25396"}],"collection":[{"href":"https:\/\/evotek.md\/ro\/wp-json\/wp\/v2\/product"}],"about":[{"href":"https:\/\/evotek.md\/ro\/wp-json\/wp\/v2\/types\/product"}],"wp:featuredmedia":[{"embeddable":true,"href":"https:\/\/evotek.md\/ro\/wp-json\/wp\/v2\/media\/25395"}],"wp:attachment":[{"href":"https:\/\/evotek.md\/ro\/wp-json\/wp\/v2\/media?parent=25396"}],"curies":[{"name":"wp","href":"https:\/\/api.w.org\/{rel}","templated":true}]}}