{"id":25391,"date":"2021-09-21T14:18:08","date_gmt":"2021-09-21T14:18:08","guid":{"rendered":"https:\/\/evotek.md\/?post_type=product&#038;p=25391"},"modified":"2021-09-21T14:18:08","modified_gmt":"2021-09-21T14:18:08","slug":"spatula-pentru-cofetarie-cu-indoitura-310-mm-st-263310","status":"publish","type":"product","link":"https:\/\/evotek.md\/ro\/produse\/accesorii-si-inventar-bucatarie\/spatula\/spatula-pentru-cofetarie-cu-indoitura-310-mm-st-263310\/","title":{"rendered":"SPATUL\u0102 PENTRU COFET\u0102RIE CU \u00ceNDOITUR\u0102 310 mm ST-263310"},"content":{"rendered":"<p><strong>SPATUL\u0102 PENTRU COFET\u0102RIE CU \u00ceNDOITUR\u0102 310 mm ST-263310-<\/strong> O spatul\u0103 pentru cofet\u0103rie cu \u00eendoitur\u0103 este indispensabil\u0103 pentru lucrul cu crem\u0103 sau glazur\u0103. Folosind un instrument de cofet\u0103rie, cum ar fi o spatul\u0103, pute\u021bi distribui uniform crema pe suprafa\u021ba \u0219i p\u0103r\u021bile laterale ale tortului s\u0103 aranja\u021bi tortul \u0219i brio\u0219ele \u0219i s\u0103 face\u021bi decor din crem\u0103. Spatula de cofet\u0103rie va aplica uniform \u0219i cu precizie gemul, crema, fri\u0219ca \u0219i glazura de ciocolat\u0103 pe produsul finit. Spatula este fabricat\u0103 din o\u021bel inoxidabil.<\/p>\n<p>&nbsp;<\/p>\n","protected":false},"excerpt":{"rendered":"<p>Spatul\u0103 de patiserie cu \u00eendoitur\u0103 din o\u021bel inoxidabil de 310 mm.<\/p>\n","protected":false},"featured_media":25390,"template":"","meta":[],"_links":{"self":[{"href":"https:\/\/evotek.md\/ro\/wp-json\/wp\/v2\/product\/25391"}],"collection":[{"href":"https:\/\/evotek.md\/ro\/wp-json\/wp\/v2\/product"}],"about":[{"href":"https:\/\/evotek.md\/ro\/wp-json\/wp\/v2\/types\/product"}],"wp:featuredmedia":[{"embeddable":true,"href":"https:\/\/evotek.md\/ro\/wp-json\/wp\/v2\/media\/25390"}],"wp:attachment":[{"href":"https:\/\/evotek.md\/ro\/wp-json\/wp\/v2\/media?parent=25391"}],"curies":[{"name":"wp","href":"https:\/\/api.w.org\/{rel}","templated":true}]}}