{"id":25385,"date":"2021-09-21T13:19:08","date_gmt":"2021-09-21T13:30:20","guid":{"rendered":"https:\/\/evotek.md\/?post_type=product&#038;p=25385"},"modified":"2023-01-19T11:42:28","modified_gmt":"2023-01-19T11:42:28","slug":"vitrina-frigorifica-de-masa-100-l-st-852104","status":"publish","type":"product","link":"https:\/\/evotek.md\/ro\/produse\/echipamente-frigorifice\/vitrine-frigorifice-pentru-patiserie\/vitrina-frigorifica-de-masa-100-l-st-852104\/","title":{"rendered":"VITRINA FRIGORIFICA PENTRU PATISERIE DE MASA 100 L NEAGRA -ST-852104"},"content":{"rendered":"<p><strong>VITRINA FRIGORIFICA PENTRU PATISERIE DE MASA 100 L NEAGRA -ST-852104-<\/strong> Vitrina de patiserie frigorific\u0103, perfect\u0103 pentru afi\u0219area produselor de patiserie, pr\u0103jituri, checuri etc. Sticla panoramic\u0103 sferic\u0103 \u0219i rafturile iluminate din sticl\u0103 prezint\u0103 produsul la maxim.<\/p>\n<p>Caracteristici<br \/>\nNum\u0103rul de rafturi 2<br \/>\nIntervalul de temperatur\u0103: 0 &#8230; + 12 \u00b0\u0421<br \/>\nVolum: 100 l<br \/>\nTensiune: 220 V<br \/>\nPutere: 0,16 kW<br \/>\nDimensiuni: 682x450x675 mm<br \/>\nGreutate: 39<\/p>\n","protected":false},"excerpt":{"rendered":"<p>Vitrin\u0103 frigorific\u0103 de mas\u0103. Num\u0103rul de rafturi 2; Intervalul de temperatur\u0103: 0 &#8230; + 12 \u00b0\u0421; Volum: 100 l; Tensiune: 220 V; Putere: 0,16 kW; Dimensiuni: 682x450x675 mm; Greutate: 39.<\/p>\n","protected":false},"featured_media":25384,"template":"","meta":[],"_links":{"self":[{"href":"https:\/\/evotek.md\/ro\/wp-json\/wp\/v2\/product\/25385"}],"collection":[{"href":"https:\/\/evotek.md\/ro\/wp-json\/wp\/v2\/product"}],"about":[{"href":"https:\/\/evotek.md\/ro\/wp-json\/wp\/v2\/types\/product"}],"wp:featuredmedia":[{"embeddable":true,"href":"https:\/\/evotek.md\/ro\/wp-json\/wp\/v2\/media\/25384"}],"wp:attachment":[{"href":"https:\/\/evotek.md\/ro\/wp-json\/wp\/v2\/media?parent=25385"}],"curies":[{"name":"wp","href":"https:\/\/api.w.org\/{rel}","templated":true}]}}