{"id":25374,"date":"2021-09-21T11:44:57","date_gmt":"2021-09-21T11:44:57","guid":{"rendered":"https:\/\/evotek.md\/?post_type=product&#038;p=25374"},"modified":"2021-09-21T11:52:14","modified_gmt":"2021-09-21T11:52:14","slug":"raft-cromat-pentru-depozitare-4-rafturi-st-680200","status":"publish","type":"product","link":"https:\/\/evotek.md\/ro\/produse\/rafturi-depozitare\/rafturi-de-sarma\/raft-cromat-pentru-depozitare-4-rafturi-st-680200\/","title":{"rendered":"RAFT CROMAT PENTRU DEPOZITARE 4 RAFTURI -ST-680200"},"content":{"rendered":"<p><strong>RAFT CROMAT PENTRU DEPOZITARE 4 RAFTURI -ST-680200-<\/strong> Raftul de depozitare cromat este potrivit pentru depozite, magazine \u0219i buc\u0103t\u0103rii gastronomice. Raftul are 4 nivele reglabile \u0219i picioare reglabile.<\/p>\n<p>Caracteristici<\/p>\n<p>Num\u0103rul de rafturi: 4 buc<br \/>\nMaterial: o\u021bel cromat<br \/>\nParametri: W900x D450x H1800 mm<br \/>\nGreutate: 10,6 kg<br \/>\nFiecare raft poate transporta o sarcin\u0103 de p\u00e2n\u0103 la 150 kg<\/p>\n","protected":false},"excerpt":{"rendered":"<p>Raft de depozitare cromat cu 4 nivele. Material: o\u021bel cromat; Parametri: W900x D450x H1800 mm; Greutate: 10,6 kg; Fiecare raft poate transporta o sarcin\u0103 de p\u00e2n\u0103 la 150 kg.<\/p>\n","protected":false},"featured_media":25367,"template":"","meta":[],"_links":{"self":[{"href":"https:\/\/evotek.md\/ro\/wp-json\/wp\/v2\/product\/25374"}],"collection":[{"href":"https:\/\/evotek.md\/ro\/wp-json\/wp\/v2\/product"}],"about":[{"href":"https:\/\/evotek.md\/ro\/wp-json\/wp\/v2\/types\/product"}],"wp:featuredmedia":[{"embeddable":true,"href":"https:\/\/evotek.md\/ro\/wp-json\/wp\/v2\/media\/25367"}],"wp:attachment":[{"href":"https:\/\/evotek.md\/ro\/wp-json\/wp\/v2\/media?parent=25374"}],"curies":[{"name":"wp","href":"https:\/\/api.w.org\/{rel}","templated":true}]}}