{"id":2537,"date":"2020-02-19T14:26:39","date_gmt":"2020-02-19T14:31:27","guid":{"rendered":"https:\/\/evotek.md\/?post_type=product&#038;p=2537"},"modified":"2023-03-07T08:17:15","modified_gmt":"2023-03-07T08:17:15","slug":"masina-de-feliat-hkn-cl6","status":"publish","type":"product","link":"https:\/\/evotek.md\/ro\/produse\/echipamente-electromecanice\/cutter-profesional\/masina-de-feliat-hkn-cl6\/","title":{"rendered":"CUTTER, 6 LITRI -HKN-CL6"},"content":{"rendered":"<p><strong>CUTTER, 6 LITRI -HKN-CL6- <\/strong>Cu ajutorul lui pute\u021bi zdrobi nuci, biscuiti, ciocolat\u0103, s\u0103 toca\u021bi carne, \u0219i s\u0103 macina\u021bi orice produse. Op\u021biunea de control al vitezei permite zdrobirea produselor \u00een form\u0103 mare, medie, \u0219i m\u0103run\u021birea fin\u0103 (mus, sufleu, pateu). O caracteristic\u0103 de proiectare a acestui model este amplasarea lateral\u0103 a vasului, care evit\u0103 \u00eenc\u0103lzirea produsului de la motorul care func\u021bioneaz\u0103. Carcasa \u0219i interiorul este din inox; Reglare lin\u0103 a vitezei.<\/p>\n<p>Caracteristici<br \/>\nVolum: 6 l<br \/>\nVitez\u0103: 1100 p\u00e2n\u0103 la 2800 rpm.<br \/>\nTensiune: 220V<br \/>\nPutere: 0,75 kW<br \/>\nLatime: 525 mm<br \/>\nAd\u00e2ncime: 300 mm<br \/>\nInaltime: 430 mm<br \/>\nGreutate: (fara ambalaj) 18,8 kg<\/p>\n<p>&nbsp;<\/p>\n","protected":false},"excerpt":{"rendered":"<p>CUTTER cu op\u021biunea de a controla viteza rota\u021biei. Parametri: 430x525x300 mm; Putere: 0,75 kW; Greutate net\u0103: 18,8 kg; Op\u021biuni: cu\u021bit plat standard.<\/p>\n<p>&nbsp;<\/p>\n","protected":false},"featured_media":2533,"template":"","meta":[],"_links":{"self":[{"href":"https:\/\/evotek.md\/ro\/wp-json\/wp\/v2\/product\/2537"}],"collection":[{"href":"https:\/\/evotek.md\/ro\/wp-json\/wp\/v2\/product"}],"about":[{"href":"https:\/\/evotek.md\/ro\/wp-json\/wp\/v2\/types\/product"}],"wp:featuredmedia":[{"embeddable":true,"href":"https:\/\/evotek.md\/ro\/wp-json\/wp\/v2\/media\/2533"}],"wp:attachment":[{"href":"https:\/\/evotek.md\/ro\/wp-json\/wp\/v2\/media?parent=2537"}],"curies":[{"name":"wp","href":"https:\/\/api.w.org\/{rel}","templated":true}]}}