{"id":25357,"date":"2021-09-21T09:57:22","date_gmt":"2021-09-21T09:57:22","guid":{"rendered":"https:\/\/evotek.md\/?post_type=product&#038;p=25357"},"modified":"2021-09-21T09:57:22","modified_gmt":"2021-09-21T09:57:22","slug":"cutit-pentru-bucatar-alb-220-mm-st-281215","status":"publish","type":"product","link":"https:\/\/evotek.md\/ro\/produse\/accesorii-si-inventar-bucatarie\/cutite-bucatarie\/cutit-pentru-bucatar-alb-220-mm-st-281215\/","title":{"rendered":"CU\u021aIT PENTRU BUC\u0102TAR ALB 220 mm ST-281215"},"content":{"rendered":"<p><strong>CU\u021aIT PENTRU BUC\u0102TAR ALB 220 mm ST-281215-<\/strong> Cu\u021bit profesional de buc\u0103t\u0103rie de calitate european\u0103 pentru hotele, restaurante, cafenele \u0219i baruri.<\/p>\n<p>Caracteristici<\/p>\n<p>Lungime: 220 mm<br \/>\nCuloare: alb<br \/>\nSe poate sp\u0103la \u00een ma\u0219ina de sp\u0103lat vase<\/p>\n","protected":false},"excerpt":{"rendered":"<p>Cu\u021bit pentru buc\u0103tar alb. Lungime: 220 mm; Culoare: alb; Se poate sp\u0103la \u00een ma\u0219ina de sp\u0103lat vase.<\/p>\n","protected":false},"featured_media":25356,"template":"","meta":[],"_links":{"self":[{"href":"https:\/\/evotek.md\/ro\/wp-json\/wp\/v2\/product\/25357"}],"collection":[{"href":"https:\/\/evotek.md\/ro\/wp-json\/wp\/v2\/product"}],"about":[{"href":"https:\/\/evotek.md\/ro\/wp-json\/wp\/v2\/types\/product"}],"wp:featuredmedia":[{"embeddable":true,"href":"https:\/\/evotek.md\/ro\/wp-json\/wp\/v2\/media\/25356"}],"wp:attachment":[{"href":"https:\/\/evotek.md\/ro\/wp-json\/wp\/v2\/media?parent=25357"}],"curies":[{"name":"wp","href":"https:\/\/api.w.org\/{rel}","templated":true}]}}