{"id":25351,"date":"2021-09-21T09:05:01","date_gmt":"2021-09-21T09:05:01","guid":{"rendered":"https:\/\/evotek.md\/?post_type=product&#038;p=25351"},"modified":"2021-09-21T09:05:01","modified_gmt":"2021-09-21T09:05:01","slug":"cutit-de-bucatarie-180-mm-maro-st-283183","status":"publish","type":"product","link":"https:\/\/evotek.md\/ro\/produse\/accesorii-si-inventar-bucatarie\/cutite-bucatarie\/cutit-de-bucatarie-180-mm-maro-st-283183\/","title":{"rendered":"CU\u021aIT DE BUC\u0102T\u0102RIE 180 mm MARO -ST-283183"},"content":{"rendered":"<p><strong>CU\u021aIT DE BUC\u0102T\u0102RIE 180 mm MARO -ST-283183-<\/strong> Cu\u021bit profesional de buc\u0103t\u0103rie de calitate european\u0103 pentru hotele, restaurante, cafenele \u0219i baruri.<\/p>\n<p>Caracteristici<\/p>\n<p>Lungime: 180 mm<br \/>\nCuloarea: maro<br \/>\nSe poate sp\u0103la \u00een ma\u0219ina de sp\u0103lat vase<\/p>\n","protected":false},"excerpt":{"rendered":"<p>Cu\u021bit profesional de buc\u0103t\u0103rie. Lungime: 180 mm; Culoarea: maro; Se poate sp\u0103la \u00een ma\u0219ina de sp\u0103lat vase.<\/p>\n","protected":false},"featured_media":7181,"template":"","meta":[],"_links":{"self":[{"href":"https:\/\/evotek.md\/ro\/wp-json\/wp\/v2\/product\/25351"}],"collection":[{"href":"https:\/\/evotek.md\/ro\/wp-json\/wp\/v2\/product"}],"about":[{"href":"https:\/\/evotek.md\/ro\/wp-json\/wp\/v2\/types\/product"}],"wp:featuredmedia":[{"embeddable":true,"href":"https:\/\/evotek.md\/ro\/wp-json\/wp\/v2\/media\/7181"}],"wp:attachment":[{"href":"https:\/\/evotek.md\/ro\/wp-json\/wp\/v2\/media?parent=25351"}],"curies":[{"name":"wp","href":"https:\/\/api.w.org\/{rel}","templated":true}]}}