{"id":2534,"date":"2020-02-19T14:21:19","date_gmt":"2020-02-19T14:24:06","guid":{"rendered":"https:\/\/evotek.md\/?post_type=product&#038;p=2534"},"modified":"2023-03-07T08:17:51","modified_gmt":"2023-03-07T08:17:51","slug":"masina-de-feliat-hkn-cl9","status":"publish","type":"product","link":"https:\/\/evotek.md\/ro\/produse\/echipamente-electromecanice\/cutter-profesional\/masina-de-feliat-hkn-cl9\/","title":{"rendered":"CUTTER, 9 LITRI -HKN-CL9"},"content":{"rendered":"<p><strong>CUTTER. 9 LITRI -HKN-CL9- <\/strong>Cu ajutorul lui pute\u021bi zdrobi nuci, biscuiti, ciocolat\u0103, s\u0103 toca\u021bi carne, \u0219i s\u0103 macina\u021bi orice produse. Op\u021biunea de control al vitezei permite zdrobirea produselor \u00een form\u0103 mare, medie, \u0219i m\u0103run\u021birea fin\u0103 (mus, sufleu, pateu). O caracteristic\u0103 de proiectare a acestui model este amplasarea lateral\u0103 a vasului, care evit\u0103 \u00eenc\u0103lzirea produsului de la motorul care func\u021bioneaz\u0103. Carcasa \u0219i interiorul este din inox; Reglare lin\u0103 a vitezei.<\/p>\n<p>Caracteristici<\/p>\n<p>Brand Hurakan<\/p>\n<p>Parametri: 450x530x320 mm<\/p>\n<p>Putere: 0,75 kW<\/p>\n<p>Greutate net\u0103: 19,9 kg<\/p>\n<p>Op\u021biuni: cu\u021bit plat standard.<\/p>\n<p>&nbsp;<\/p>\n<p>&nbsp;<\/p>\n","protected":false},"excerpt":{"rendered":"<p>Cutter cu op\u021biunea de a controla viteza rota\u021biei. Parametri: 450x530x320 mm; Putere: 0,75 kW; Greutate net\u0103: 19,9 kg; Op\u021biuni: cu\u021bit plat standard.<\/p>\n<p>&nbsp;<\/p>\n","protected":false},"featured_media":2533,"template":"","meta":[],"_links":{"self":[{"href":"https:\/\/evotek.md\/ro\/wp-json\/wp\/v2\/product\/2534"}],"collection":[{"href":"https:\/\/evotek.md\/ro\/wp-json\/wp\/v2\/product"}],"about":[{"href":"https:\/\/evotek.md\/ro\/wp-json\/wp\/v2\/types\/product"}],"wp:featuredmedia":[{"embeddable":true,"href":"https:\/\/evotek.md\/ro\/wp-json\/wp\/v2\/media\/2533"}],"wp:attachment":[{"href":"https:\/\/evotek.md\/ro\/wp-json\/wp\/v2\/media?parent=2534"}],"curies":[{"name":"wp","href":"https:\/\/api.w.org\/{rel}","templated":true}]}}