{"id":25326,"date":"2021-09-20T14:24:05","date_gmt":"2021-09-20T14:24:05","guid":{"rendered":"https:\/\/evotek.md\/?post_type=product&#038;p=25326"},"modified":"2021-09-20T14:26:19","modified_gmt":"2021-09-20T14:26:19","slug":"concasor-de-deseuri-st-650025","status":"publish","type":"product","link":"https:\/\/evotek.md\/ro\/produse\/echipamente-electromecanice\/concasor-de-deseuri\/concasor-de-deseuri-st-650025\/","title":{"rendered":"CONCASOR DE DE\u0218EURI -ST-650025"},"content":{"rendered":"<p><strong>CONCASOR DE DE\u0218EURI -ST-650025-<\/strong> Concasor profesional pentru de\u0219euri organice de \u00eenalt\u0103 calitate (moar\u0103 coloidal\u0103). Conceput pentru gastronomie \u0219i pentru utilizatorii casnici exigen\u021bi. Puterea \u0219i viteza ridicate fac ca dispozitivul s\u0103 fie foarte eficient.<\/p>\n<p>Caracteristici<\/p>\n<p>Camera de m\u0103cinare din o\u021bel inoxidabil<br \/>\nProtec\u021bie la suprasarcin\u0103<br \/>\nComutator pneumatic inclus<br \/>\nDiametru: 170 mm<br \/>\nTensiune: 230 V<br \/>\n\u00cen\u0103l\u021bime: 330 mm<br \/>\nViteza de rota\u021bie: 4000 rpm<br \/>\nPutere electric\u0103: 0,56 kW<\/p>\n","protected":false},"excerpt":{"rendered":"<p>Concasor profesional pentru de\u0219euri. Camera de m\u0103cinare din o\u021bel inoxidabil; Protec\u021bie la suprasarcin\u0103; Comutator pneumatic inclus; Diametru: 170 mm; Tensiune: 230 V; \u00cen\u0103l\u021bime: 330 mm; Viteza de rota\u021bie: 4000 rpm; Putere electric\u0103: 0,56 kW.<\/p>\n","protected":false},"featured_media":25317,"template":"","meta":[],"_links":{"self":[{"href":"https:\/\/evotek.md\/ro\/wp-json\/wp\/v2\/product\/25326"}],"collection":[{"href":"https:\/\/evotek.md\/ro\/wp-json\/wp\/v2\/product"}],"about":[{"href":"https:\/\/evotek.md\/ro\/wp-json\/wp\/v2\/types\/product"}],"wp:featuredmedia":[{"embeddable":true,"href":"https:\/\/evotek.md\/ro\/wp-json\/wp\/v2\/media\/25317"}],"wp:attachment":[{"href":"https:\/\/evotek.md\/ro\/wp-json\/wp\/v2\/media?parent=25326"}],"curies":[{"name":"wp","href":"https:\/\/api.w.org\/{rel}","templated":true}]}}