{"id":25301,"date":"2021-09-20T11:57:08","date_gmt":"2021-09-20T12:01:58","guid":{"rendered":"https:\/\/evotek.md\/?post_type=product&#038;p=25301"},"modified":"2024-07-12T10:16:27","modified_gmt":"2024-07-12T10:16:27","slug":"masina-de-tocat-carne-22-82-mm-m-09300450","status":"publish","type":"product","link":"https:\/\/evotek.md\/ro\/produse\/echipamente-electromecanice\/masina-de-tocat-carne\/masina-de-tocat-carne-22-82-mm-m-09300450\/","title":{"rendered":"MA\u0218IN\u0102 DE TOCAT CARNE 220kg\/h -M-09300450"},"content":{"rendered":"<p><strong>MA\u0218IN\u0102 DE TOCAT CARNE 220kg\/h -M-09300450-<\/strong>\u00a0 Acest\u0103 ma\u0219in\u0103 de tocat carne este profesional\u0103 \u0219i puternic\u0103, cu carcas\u0103 \u0219i plac\u0103 din o\u021bel inoxidabil. Cu aceast\u0103 ma\u0219in\u0103 de tocat, pute\u021bi toca 220 kg de carne pe or\u0103. Ajutorul ideal pentru m\u0103cel\u0103rie. U\u0219or de cur\u0103\u021bat datorit\u0103 piesei de \u0219lefuit care poate fi \u00eendep\u0103rtat\u0103 dintr-o singur\u0103 mi\u0219care.<\/p>\n<p>Carcasa si tava sunt din otel inoxidabil.<br \/>\nCu\u021bitele \u0219i pl\u0103cile sunt fabricate din o\u021bel c\u0103lit.<br \/>\nPartea de \u0219lefuit poate fi \u00eendep\u0103rtat\u0103 cu u\u0219urin\u021b\u0103.<br \/>\nEchipat cu 2 viteze: \u00eenainte \u0219i \u00eenapoi.<br \/>\nInclude \u00eentrerup\u0103tor de protec\u021bie a motorului.<br \/>\nUsor de curatat<\/p>\n<p>Caracteristici<br \/>\nGreutate neta: 28 kg<br \/>\nPutere: maxim 220 kg\/h<br \/>\nDimensiuni tava<span style=\"font-size: 14.4px\">(LaxAdx\u00cen):<\/span><span style=\"font-size: 14.4px\"> 21,5&#215;32,5&#215;4,5 cm<br \/>\n<\/span>Dimensiuni ma\u0219in\u0103<span style=\"font-size: 14.4px\">(LaxAdx\u00cen)<\/span>:\u00a0 24x44x46 cm<br \/>\nDiametrul de intrare (f\u0103r\u0103 tav\u0103): 5,5 cm<br \/>\nDiametru iesire: 8,2 cm<br \/>\nConexiune: 220V\/50Hz\/1fazat 1100W<br \/>\nInclus<br \/>\n1 \u00eemping\u0103tor<br \/>\n1 accesoriu pentru c\u00e2rna\u021bi: \u00d8 2 cm<br \/>\n2 cu\u021bite \u00eencruci\u0219ate<br \/>\nPlasa de \u0219lefuit: 6 mm<br \/>\nPlasa de slefuit: 8mm<\/p>\n","protected":false},"excerpt":{"rendered":"<p>Ma\u0219in\u0103 de tocat carne. Greutate neta: 28 kg; Putere: maxim 220 kg\/h; Dimensiuni tava<span style=\"font-size: 14.4px\">(LaxAdx\u00cen):<\/span><span style=\"font-size: 14.4px\"> 21,5&#215;32,5&#215;4,5 cm; <\/span>Dimensiuni ma\u0219in\u0103<span style=\"font-size: 14.4px\">(LaxAdx\u00cen)<\/span>:\u00a0 24x44x46 cm; Diametrul de intrare (f\u0103r\u0103 tav\u0103): 5,5 cm; Diametru iesire: 8,2 cm; Conexiune: 220V\/50Hz\/1fazat 1100W; Inclus: 1 \u00eemping\u0103tor; 1 accesoriu pentru c\u00e2rna\u021bi: \u00d8 2 cm; 2 cu\u021bite \u00eencruci\u0219ate; Plasa de \u0219lefuit: 6 mm; Plasa de slefuit: 8mm.<\/p>\n","protected":false},"featured_media":25300,"template":"","meta":[],"_links":{"self":[{"href":"https:\/\/evotek.md\/ro\/wp-json\/wp\/v2\/product\/25301"}],"collection":[{"href":"https:\/\/evotek.md\/ro\/wp-json\/wp\/v2\/product"}],"about":[{"href":"https:\/\/evotek.md\/ro\/wp-json\/wp\/v2\/types\/product"}],"wp:featuredmedia":[{"embeddable":true,"href":"https:\/\/evotek.md\/ro\/wp-json\/wp\/v2\/media\/25300"}],"wp:attachment":[{"href":"https:\/\/evotek.md\/ro\/wp-json\/wp\/v2\/media?parent=25301"}],"curies":[{"name":"wp","href":"https:\/\/api.w.org\/{rel}","templated":true}]}}