{"id":25283,"date":"2021-09-20T10:58:46","date_gmt":"2021-09-20T11:02:49","guid":{"rendered":"https:\/\/evotek.md\/?post_type=product&#038;p=25283"},"modified":"2022-12-13T10:53:41","modified_gmt":"2022-12-13T10:53:41","slug":"perie-din-silicon-pentru-patiserie-st-522040","status":"publish","type":"product","link":"https:\/\/evotek.md\/ro\/produse\/accesorii-si-inventar-bucatarie\/accesorii-pentru-bar\/perie-din-silicon-pentru-patiserie-st-522040\/","title":{"rendered":"PERIE DIN SILICON PENTRU PATISERIE 24 cm -ST-522040"},"content":{"rendered":"<p><strong>PERIE DIN SILICON PENTRU PATISERIE 24 cm -ST-522040-<\/strong> Perie din silicon pentru patiserie, u\u0219or de cur\u0103\u021bat, nu absoarbe mirosurile, m\u00e2ner din inox.<\/p>\n<p>Caracteristici<\/p>\n<p>Lungime: 240 mm<br \/>\nL\u0103\u021bime: 40 mm<br \/>\nMaterial silicon<br \/>\nRezisten\u021b\u0103 la c\u0103ldur\u0103 p\u00e2n\u0103 la 230 \u0421.<\/p>\n","protected":false},"excerpt":{"rendered":"<p>Perie din silicon pentru patiserie. Lungime: 240 mm; L\u0103\u021bime: 40 mm; Material silicon; Rezisten\u021b\u0103 la c\u0103ldur\u0103 p\u00e2n\u0103 la 230 \u0421.<\/p>\n","protected":false},"featured_media":25282,"template":"","meta":[],"_links":{"self":[{"href":"https:\/\/evotek.md\/ro\/wp-json\/wp\/v2\/product\/25283"}],"collection":[{"href":"https:\/\/evotek.md\/ro\/wp-json\/wp\/v2\/product"}],"about":[{"href":"https:\/\/evotek.md\/ro\/wp-json\/wp\/v2\/types\/product"}],"wp:featuredmedia":[{"embeddable":true,"href":"https:\/\/evotek.md\/ro\/wp-json\/wp\/v2\/media\/25282"}],"wp:attachment":[{"href":"https:\/\/evotek.md\/ro\/wp-json\/wp\/v2\/media?parent=25283"}],"curies":[{"name":"wp","href":"https:\/\/api.w.org\/{rel}","templated":true}]}}