{"id":25279,"date":"2021-09-20T10:36:27","date_gmt":"2021-09-20T10:36:27","guid":{"rendered":"https:\/\/evotek.md\/?post_type=product&#038;p=25279"},"modified":"2021-09-20T10:36:27","modified_gmt":"2021-09-20T10:36:27","slug":"duza-pentru-cofetarie-trandafir-6-mm-din-inox-st-516060","status":"publish","type":"product","link":"https:\/\/evotek.md\/ro\/produse\/accesorii-si-inventar-bucatarie\/accesorii-pentru-bar\/duza-pentru-cofetarie-trandafir-6-mm-din-inox-st-516060\/","title":{"rendered":"DUZ\u0102 PENTRU COFET\u0102RIE &#8220;TRANDAFIR&#8221; 6 mm DIN INOX &#8211; ST-516060"},"content":{"rendered":"<p><strong>DUZ\u0102 PENTRU COFET\u0102RIE &#8220;TRANDAFIR&#8221; 6 mm DIN INOX &#8211; ST-516060-<\/strong>\u00a0 Cu ajutorul duzelor de patiserie, pute\u021bi decora frumos \u0219i neobi\u0219nuit pr\u0103jituri, cupcakes, brio\u0219e, turte dulci \u0219i alte deserturi.<\/p>\n<p>Caracteristici<br \/>\nDiametru: 6 mm<br \/>\nForm\u0103: trandafir<\/p>\n<p>&nbsp;<\/p>\n","protected":false},"excerpt":{"rendered":"<p>Duza pentru cofet\u0103rie \u201etrandafir\u201d de 6 mm din inox.<\/p>\n","protected":false},"featured_media":25277,"template":"","meta":[],"_links":{"self":[{"href":"https:\/\/evotek.md\/ro\/wp-json\/wp\/v2\/product\/25279"}],"collection":[{"href":"https:\/\/evotek.md\/ro\/wp-json\/wp\/v2\/product"}],"about":[{"href":"https:\/\/evotek.md\/ro\/wp-json\/wp\/v2\/types\/product"}],"wp:featuredmedia":[{"embeddable":true,"href":"https:\/\/evotek.md\/ro\/wp-json\/wp\/v2\/media\/25277"}],"wp:attachment":[{"href":"https:\/\/evotek.md\/ro\/wp-json\/wp\/v2\/media?parent=25279"}],"curies":[{"name":"wp","href":"https:\/\/api.w.org\/{rel}","templated":true}]}}