{"id":25267,"date":"2021-09-20T09:08:03","date_gmt":"2021-09-20T09:08:03","guid":{"rendered":"https:\/\/evotek.md\/?post_type=product&#038;p=25267"},"modified":"2021-09-20T09:08:03","modified_gmt":"2021-09-20T09:08:03","slug":"duza-rotunda-pentru-cofetarie-6-mm-st-514060","status":"publish","type":"product","link":"https:\/\/evotek.md\/ro\/produse\/accesorii-si-inventar-bucatarie\/accesorii-pentru-bar\/duza-rotunda-pentru-cofetarie-6-mm-st-514060\/","title":{"rendered":"DUZ\u0102 ROTUND\u0102 PENTRU COFET\u0102RIE 6 mm -ST-514060"},"content":{"rendered":"<p><strong>DUZ\u0102 ROTUND\u0102 PENTRU COFET\u0102RIE 6 mm -ST-514060-<\/strong> Duz\u0103 cu margine rotund\u0103 pentru decorarea pr\u0103jiturilor \u0219i a torturilor.<\/p>\n<p>Diametru: 6 mm<\/p>\n","protected":false},"excerpt":{"rendered":"<p>Duz\u0103 rotund\u0103 pentru decorarea pr\u0103jiturilor \u0219i a torturilor 6 mm.<\/p>\n","protected":false},"featured_media":25263,"template":"","meta":[],"_links":{"self":[{"href":"https:\/\/evotek.md\/ro\/wp-json\/wp\/v2\/product\/25267"}],"collection":[{"href":"https:\/\/evotek.md\/ro\/wp-json\/wp\/v2\/product"}],"about":[{"href":"https:\/\/evotek.md\/ro\/wp-json\/wp\/v2\/types\/product"}],"wp:featuredmedia":[{"embeddable":true,"href":"https:\/\/evotek.md\/ro\/wp-json\/wp\/v2\/media\/25263"}],"wp:attachment":[{"href":"https:\/\/evotek.md\/ro\/wp-json\/wp\/v2\/media?parent=25267"}],"curies":[{"name":"wp","href":"https:\/\/api.w.org\/{rel}","templated":true}]}}