{"id":25264,"date":"2021-09-20T08:53:11","date_gmt":"2021-09-20T08:53:11","guid":{"rendered":"https:\/\/evotek.md\/?post_type=product&#038;p=25264"},"modified":"2021-09-20T09:07:27","modified_gmt":"2021-09-20T09:07:27","slug":"duza-rotunda-pentru-cofetarie-4-mm-st-514040","status":"publish","type":"product","link":"https:\/\/evotek.md\/ro\/produse\/accesorii-si-inventar-bucatarie\/accesorii-pentru-bar\/duza-rotunda-pentru-cofetarie-4-mm-st-514040\/","title":{"rendered":"DUZ\u0102 ROTUND\u0102\u00a0PENTRU COFET\u0102RIE 4 mm -ST-514040"},"content":{"rendered":"<p><strong>DUZ\u0102 ROTUND\u0102\u00a0PENTRU COFET\u0102RIE 4 mm -ST-514040-<\/strong> Duz\u0103 cu margine rotund\u0103 pentru decorarea pr\u0103jiturilor \u0219i a torturilor.<\/p>\n<p>Diametru: 4 mm<\/p>\n","protected":false},"excerpt":{"rendered":"<p>Duz\u0103 rotund\u0103 pentru decorarea pr\u0103jiturilor \u0219i a torturilor 4 mm.<\/p>\n","protected":false},"featured_media":25263,"template":"","meta":[],"_links":{"self":[{"href":"https:\/\/evotek.md\/ro\/wp-json\/wp\/v2\/product\/25264"}],"collection":[{"href":"https:\/\/evotek.md\/ro\/wp-json\/wp\/v2\/product"}],"about":[{"href":"https:\/\/evotek.md\/ro\/wp-json\/wp\/v2\/types\/product"}],"wp:featuredmedia":[{"embeddable":true,"href":"https:\/\/evotek.md\/ro\/wp-json\/wp\/v2\/media\/25263"}],"wp:attachment":[{"href":"https:\/\/evotek.md\/ro\/wp-json\/wp\/v2\/media?parent=25264"}],"curies":[{"name":"wp","href":"https:\/\/api.w.org\/{rel}","templated":true}]}}