{"id":25259,"date":"2021-09-20T08:19:50","date_gmt":"2021-09-20T08:19:50","guid":{"rendered":"https:\/\/evotek.md\/?post_type=product&#038;p=25259"},"modified":"2021-09-20T08:19:50","modified_gmt":"2021-09-20T08:19:50","slug":"cratita-pentru-sosuri-038-l-st-546010","status":"publish","type":"product","link":"https:\/\/evotek.md\/ro\/produse\/accesorii-si-inventar-bucatarie\/cratite-pentru-sosuri-din-inox\/cratita-pentru-sosuri-038-l-st-546010\/","title":{"rendered":"CRATI\u021a\u0102 PENTRU SOSURI 0,38 l ST-546010"},"content":{"rendered":"<p><strong>CRATI\u021a\u0102 PENTRU SOSURI 0,38 l ST-546010-<\/strong> Crati\u021b\u0103 din inox. \u00cen partea de jos a produsului, se utilizeaz\u0103 o tehnologie multi-strat, care asigur\u0103 o bun\u0103 conductivitate termic\u0103. Fundul \u00eencapsulat (multistrat) ofer\u0103 rezisten\u021b\u0103 la coroziune.<\/p>\n<p>Caracteristici<\/p>\n<p>\u00cen\u0103l\u021bime: 60 mm<br \/>\nDiametru: 100 mm<br \/>\nCapacitate: 0,38 L<\/p>\n","protected":false},"excerpt":{"rendered":"<p>Crati\u021b\u0103 pentru sosuri. \u00cen\u0103l\u021bime: 60 mm; Diametru: 100 mm; Capacitate: 0,38 L<\/p>\n","protected":false},"featured_media":25257,"template":"","meta":[],"_links":{"self":[{"href":"https:\/\/evotek.md\/ro\/wp-json\/wp\/v2\/product\/25259"}],"collection":[{"href":"https:\/\/evotek.md\/ro\/wp-json\/wp\/v2\/product"}],"about":[{"href":"https:\/\/evotek.md\/ro\/wp-json\/wp\/v2\/types\/product"}],"wp:featuredmedia":[{"embeddable":true,"href":"https:\/\/evotek.md\/ro\/wp-json\/wp\/v2\/media\/25257"}],"wp:attachment":[{"href":"https:\/\/evotek.md\/ro\/wp-json\/wp\/v2\/media?parent=25259"}],"curies":[{"name":"wp","href":"https:\/\/api.w.org\/{rel}","templated":true}]}}