{"id":25250,"date":"2021-09-20T07:39:34","date_gmt":"2021-09-20T07:55:45","guid":{"rendered":"https:\/\/evotek.md\/?post_type=product&#038;p=25250"},"modified":"2022-08-30T10:49:55","modified_gmt":"2022-08-30T10:49:55","slug":"recipient-din-polipropilena-gn-1-6-h-150-st-166155-2","status":"publish","type":"product","link":"https:\/\/evotek.md\/ro\/produse\/accesorii-si-inventar-bucatarie\/recipiente-din-polipropilena\/recipient-din-polipropilena-gn-1-6-h-150-st-166155-2\/","title":{"rendered":"CONTAINER DIN POLIPROPILEN\u0102 GN 1\/6, h-150 -ST-166155"},"content":{"rendered":"<p><strong>CONTAINER DIN POLIPROPILEN\u0102 GN 1\/6, h-150 -ST-166155-<\/strong> Containerul gastronorm este fabricat din polipropilen\u0103 de \u00eenalt\u0103 calitate. Are o rezisten\u021b\u0103 ridicat\u0103 \u0219i o greutate redus\u0103. Recipientele GN sunt u\u0219or de cur\u0103\u021bat \u0219i se pot sp\u0103la \u00een ma\u0219ina de sp\u0103lat vase. Poate fi utilizat la temperaturi de la -40 \u00b0C la 95 \u00b0C, nu absoarbe mirosurile.<\/p>\n<p>Specifica\u021bii<br \/>\nDimensiune: GN 1\/6<br \/>\n\u00cen\u0103l\u021bime: 150mm<br \/>\nAd\u00e2ncime: 176 mm<br \/>\nL\u0103\u021bime: 162mm<br \/>\nVolum: 2,6 L<\/p>\n","protected":false},"excerpt":{"rendered":"<p>Recipient din polipropilen\u0103 cu capac. Dimensiune: GN 1\/6; \u00cen\u0103l\u021bime: 150 mm; Ad\u00e2ncime: 176 mm; L\u0103\u021bime: 162 mm; Volum: 2,6 L.<\/p>\n","protected":false},"featured_media":25242,"template":"","meta":[],"_links":{"self":[{"href":"https:\/\/evotek.md\/ro\/wp-json\/wp\/v2\/product\/25250"}],"collection":[{"href":"https:\/\/evotek.md\/ro\/wp-json\/wp\/v2\/product"}],"about":[{"href":"https:\/\/evotek.md\/ro\/wp-json\/wp\/v2\/types\/product"}],"wp:featuredmedia":[{"embeddable":true,"href":"https:\/\/evotek.md\/ro\/wp-json\/wp\/v2\/media\/25242"}],"wp:attachment":[{"href":"https:\/\/evotek.md\/ro\/wp-json\/wp\/v2\/media?parent=25250"}],"curies":[{"name":"wp","href":"https:\/\/api.w.org\/{rel}","templated":true}]}}