{"id":2521,"date":"2020-02-19T13:42:23","date_gmt":"2020-02-19T13:42:23","guid":{"rendered":"https:\/\/evotek.md\/?post_type=product&#038;p=2521"},"modified":"2021-07-05T12:14:47","modified_gmt":"2021-07-05T12:14:47","slug":"masina-de-tocat-carne-%d1%82%d0%bc-32%d0%bc","status":"publish","type":"product","link":"https:\/\/evotek.md\/ro\/produse\/echipamente-electromecanice\/masina-de-tocat-carne\/masina-de-tocat-carne-%d1%82%d0%bc-32%d0%bc\/","title":{"rendered":"MA\u0218IN\u0102 DE TOCAT CARNE -TM-32\u041c"},"content":{"rendered":"<p><strong>MA\u0218IN\u0102 DE TOCAT CARNE<\/strong> <strong>-TM-32\u041c- <\/strong>se folose\u0219te \u00een \u00eentreprinderile de alimenta\u021bie public\u0103 \u0219i comer\u021b pentru tocarea c\u0103rnii \u0219i a pe\u0219tilor. Modelul este echipat cu o func\u021bie de revers, pentru a elimina cu u\u0219urin\u021b\u0103 oasele care au nimerit \u00een interiorul ma\u0219inii de tocat, f\u0103r\u0103 a dezasambla echimanetul. Toate piesele care sunt \u00een contact cu produsele alimentare \u00een timpul toc\u0103rii, sunt fabricate din inox sigur. Ma\u0219ina de tocat include un cu\u021bit de t\u0103iat, 2 cu\u021bite \u00eencruci\u0219ate \u0219i 2 z\u0103brele.<\/p>\n<p>Caracteristici<\/p>\n<p>Set de cu\u021bite \u0219i z\u0103brele: unger complet<\/p>\n<p>Tensiune: 220 V<\/p>\n<p>Putere: 1,55 kW<\/p>\n<p>Parametri: 560x460x430 mm<\/p>\n<p>Greutate: 26 kg<\/p>\n<p>Spa\u021biul dintre z\u0103brele: 3\/5\/9 mm<\/p>\n<p>\u021aara de origine: Belarus<\/p>\n<p>&nbsp;<\/p>\n","protected":false},"excerpt":{"rendered":"<p>Ma\u0219in\u0103 de tocat carne cu o capacitate de 200 kg \/ h. Set de cu\u021bite \u0219i z\u0103brele: unger complet; Tensiune: 220 V; Putere: 1,55 kW; Parametri: 560x460x430 mm; Greutate: 26 kg; Spa\u021biul dintre z\u0103brele: 3\/5\/9 mm; \u021aara de origine: Belarus.<\/p>\n","protected":false},"featured_media":2506,"template":"","meta":[],"_links":{"self":[{"href":"https:\/\/evotek.md\/ro\/wp-json\/wp\/v2\/product\/2521"}],"collection":[{"href":"https:\/\/evotek.md\/ro\/wp-json\/wp\/v2\/product"}],"about":[{"href":"https:\/\/evotek.md\/ro\/wp-json\/wp\/v2\/types\/product"}],"wp:featuredmedia":[{"embeddable":true,"href":"https:\/\/evotek.md\/ro\/wp-json\/wp\/v2\/media\/2506"}],"wp:attachment":[{"href":"https:\/\/evotek.md\/ro\/wp-json\/wp\/v2\/media?parent=2521"}],"curies":[{"name":"wp","href":"https:\/\/api.w.org\/{rel}","templated":true}]}}