{"id":25197,"date":"2021-09-16T10:28:07","date_gmt":"2021-09-16T10:37:42","guid":{"rendered":"https:\/\/evotek.md\/?post_type=product&#038;p=25197"},"modified":"2022-08-30T10:50:04","modified_gmt":"2022-08-30T10:50:04","slug":"container-din-polipropilen-gn-1-2-h-150-st-162155","status":"publish","type":"product","link":"https:\/\/evotek.md\/ro\/produse\/accesorii-si-inventar-bucatarie\/recipiente-din-polipropilena\/container-din-polipropilen-gn-1-2-h-150-st-162155\/","title":{"rendered":"CONTAINER DIN POLIPROPILEN\u0102 GN 1\/2, h-150 -ST-162155"},"content":{"rendered":"<p><strong>CONTAINER DIN POLIPROPILEN\u0102 GN 1\/2, h-150 -ST-162155-<\/strong> Containerul gastronom este fabricat din polipropilen\u0103 de \u00eenalt\u0103 calitate. Are o rezisten\u021b\u0103 ridicat\u0103, sunt u\u0219or de cur\u0103\u021bat \u0219i se pot sp\u0103la \u00een ma\u0219ina de sp\u0103lat vase. Se recomand\u0103 utilizarea pentru depozitarea alimentelor la temperaturi de la -20 la +300 C.<\/p>\n<p>Caracteristici<br \/>\nDimensiune: GN 1\/2<br \/>\nVolum: 9 l<br \/>\nLungime: 325 mm<br \/>\nL\u0103\u021bime: 265 mm<br \/>\n\u00cen\u0103l\u021bime: 150 mm<\/p>\n","protected":false},"excerpt":{"rendered":"<p>Recipient din polipropilen. Dimensiune: GN 1\/2; Volum: 9 l; Lungime: 325 mm; L\u0103\u021bime: 265 mm; \u00cen\u0103l\u021bime: 150 mm.<\/p>\n","protected":false},"featured_media":25196,"template":"","meta":[],"_links":{"self":[{"href":"https:\/\/evotek.md\/ro\/wp-json\/wp\/v2\/product\/25197"}],"collection":[{"href":"https:\/\/evotek.md\/ro\/wp-json\/wp\/v2\/product"}],"about":[{"href":"https:\/\/evotek.md\/ro\/wp-json\/wp\/v2\/types\/product"}],"wp:featuredmedia":[{"embeddable":true,"href":"https:\/\/evotek.md\/ro\/wp-json\/wp\/v2\/media\/25196"}],"wp:attachment":[{"href":"https:\/\/evotek.md\/ro\/wp-json\/wp\/v2\/media?parent=25197"}],"curies":[{"name":"wp","href":"https:\/\/api.w.org\/{rel}","templated":true}]}}