{"id":25189,"date":"2021-09-16T09:36:44","date_gmt":"2021-09-16T10:06:34","guid":{"rendered":"https:\/\/evotek.md\/?post_type=product&#038;p=25189"},"modified":"2022-08-30T10:50:30","modified_gmt":"2022-08-30T10:50:30","slug":"recipient-gastronom-din-polipropilen-cu-capac-st-161155","status":"publish","type":"product","link":"https:\/\/evotek.md\/ro\/produse\/accesorii-si-inventar-bucatarie\/recipiente-din-polipropilena\/recipient-gastronom-din-polipropilen-cu-capac-st-161155\/","title":{"rendered":"CONTAINER DIN POLIPROPILEN\u0102 CU CAPAC GN 1\/1, h-150 mm -ST-161155"},"content":{"rendered":"<p><strong>CONTAINER DIN POLIPROPILEN\u0102 CU CAPAC GN 1\/1, h-150 mm -ST-161155-<\/strong> Recipient gastronom cu capac GN 1\/1, h-150 mm. Recipientele sunt fabricate din polipropilen\u0103 de \u00eenalt\u0103 calitate, cu o rezisten\u021b\u0103 ridicat\u0103. Recipientele GN sunt u\u0219or de cur\u0103\u021bat \u0219i se pot sp\u0103la \u00een ma\u0219ina de sp\u0103lat vase. Se recomand\u0103 utilizarea pentru depozitarea alimentelor la temperaturi de la -20 la +300 C.<\/p>\n<p>Caracteristici<br \/>\nDimensiune: GN 1\/1<br \/>\nVolum: 20 l<br \/>\nLungime: 530 mm<br \/>\nL\u0103\u021bime: 325 mm<br \/>\n\u00cen\u0103l\u021bime: 150 mm<\/p>\n","protected":false},"excerpt":{"rendered":"<p>Recipient gastronom din polipropilen\u0103 GN 1\/1, h-150 mm. Dimensiune: GN 1\/1; Volum: 20 l; Lungime: 530 mm; L\u0103\u021bime: 325 mm; \u00cen\u0103l\u021bime: 150 mm.<\/p>\n","protected":false},"featured_media":25192,"template":"","meta":[],"_links":{"self":[{"href":"https:\/\/evotek.md\/ro\/wp-json\/wp\/v2\/product\/25189"}],"collection":[{"href":"https:\/\/evotek.md\/ro\/wp-json\/wp\/v2\/product"}],"about":[{"href":"https:\/\/evotek.md\/ro\/wp-json\/wp\/v2\/types\/product"}],"wp:featuredmedia":[{"embeddable":true,"href":"https:\/\/evotek.md\/ro\/wp-json\/wp\/v2\/media\/25192"}],"wp:attachment":[{"href":"https:\/\/evotek.md\/ro\/wp-json\/wp\/v2\/media?parent=25189"}],"curies":[{"name":"wp","href":"https:\/\/api.w.org\/{rel}","templated":true}]}}