{"id":25180,"date":"2021-09-16T09:05:22","date_gmt":"2021-09-16T09:05:22","guid":{"rendered":"https:\/\/evotek.md\/?post_type=product&#038;p=25180"},"modified":"2021-09-16T09:05:23","modified_gmt":"2021-09-16T09:05:23","slug":"cantar-1000-pana-la-3-kg-st-730030","status":"publish","type":"product","link":"https:\/\/evotek.md\/ro\/produse\/accesorii-si-inventar-bucatarie\/cantare\/cantar-1000-pana-la-3-kg-st-730030\/","title":{"rendered":"C\u00c2NTAR 1000 P\u00c2N\u0102 LA 3 KG -ST-730030"},"content":{"rendered":"<div><strong>C\u00c2NTAR 1000 P\u00c2N\u0102 LA 3 KG -ST-730030-<\/strong> se utilizeaz\u0103 \u00een buc\u0103t\u0103rie ca c\u00e2ntare auxiliare sau ca un indicator LCD monocrom, cu iluminare din spate, protec\u021bie la suprasarcin\u0103, alimentat de la baterie (baterie inclus\u0103) sau adaptor de alimentare (230 V).<\/div>\n<div>&#8211; Domenii de m\u0103surare: (g, kg, lb, oz) total, verifica\u021bi c\u00e2nt\u0103rirea cu semnal; Domeniu de c\u00e2nt\u0103rire: p\u00e2n\u0103 la 3 kg;<\/div>\n<div>-Acurate\u021be: p\u00e2n\u0103 la 0,5g;<\/div>\n<div>-Dimensiuni suprafa\u021b\u0103 250x180mm (suprafa\u021ba din inox);<\/div>\n<div>-Durabilitatea bateriei 100 de ore;<\/div>\n<div>-Timpul de stabilizare a m\u0103sur\u0103rii este de aproximativ 3 secunde;<\/div>\n<div>-Caros din plastic ABS.<\/div>\n<div><\/div>\n<div>Caracteristici<\/div>\n<div>L\u0103\u021bime: 255 mm<\/div>\n<div>Ad\u00e2ncime: 305 mm<\/div>\n<div>\u00cen\u0103l\u021bime: 115 mm<\/div>\n<div>Greutate: 3,2 kg<\/div>\n<div>Interval de c\u00e2nt\u0103rire: 3kg<\/div>\n<div>Citibilitate: 0,5g<\/div>\n","protected":false},"excerpt":{"rendered":"<p>C\u00e2ntar 1000 p\u00e2n\u0103 la 3 KG. L\u0103\u021bime: 255 mm; Ad\u00e2ncime: 305 mm; \u00cen\u0103l\u021bime: 115 mm; Greutate: 3,2 kg; Interval de c\u00e2nt\u0103rire: 3kg; Citibilitate: 0,5g<\/p>\n","protected":false},"featured_media":25178,"template":"","meta":[],"_links":{"self":[{"href":"https:\/\/evotek.md\/ro\/wp-json\/wp\/v2\/product\/25180"}],"collection":[{"href":"https:\/\/evotek.md\/ro\/wp-json\/wp\/v2\/product"}],"about":[{"href":"https:\/\/evotek.md\/ro\/wp-json\/wp\/v2\/types\/product"}],"wp:featuredmedia":[{"embeddable":true,"href":"https:\/\/evotek.md\/ro\/wp-json\/wp\/v2\/media\/25178"}],"wp:attachment":[{"href":"https:\/\/evotek.md\/ro\/wp-json\/wp\/v2\/media?parent=25180"}],"curies":[{"name":"wp","href":"https:\/\/api.w.org\/{rel}","templated":true}]}}