{"id":25169,"date":"2021-09-16T07:54:29","date_gmt":"2021-09-16T07:54:29","guid":{"rendered":"https:\/\/evotek.md\/?post_type=product&#038;p=25169"},"modified":"2021-09-16T07:58:56","modified_gmt":"2021-09-16T07:58:56","slug":"penseta-120-mm-st-303220","status":"publish","type":"product","link":"https:\/\/evotek.md\/ro\/produse\/accesorii-si-inventar-bucatarie\/accesorii-pentru-bar\/penseta-120-mm-st-303220\/","title":{"rendered":"PENSET\u0102 PENTRU ELIMINAREA OASELOR DIN PE\u0218TI 120 mm -ST-303220"},"content":{"rendered":"<p><strong>PENSET\u0102 PENTRU ELIMINAREA OASELOR DIN PE\u0218TI 120 mm -ST-303220<\/strong>&#8211; Penseta este conceput\u0103 pentru extragerea oaselor din pe\u0219te, foarte des instrumentul de buc\u0103t\u0103rie este folosit \u00een restaurante \u0219i \u00een multe unit\u0103\u021bi \u00een care preparatele din pe\u0219te sunt preg\u0103tite profesional. Pensete pentru oase de pe\u0219te cu design original, fabricate din o\u021bel inoxidabil de calitate alimentar\u0103 de \u00eenalt\u0103 calitate 18\/10.<\/p>\n<p>Lungime &#8211; 120 mm.<\/p>\n","protected":false},"excerpt":{"rendered":"<p>Pensete pentru \u00eendep\u0103rtarea oaselor de pe\u0219te de 120 mm.<\/p>\n","protected":false},"featured_media":25168,"template":"","meta":[],"_links":{"self":[{"href":"https:\/\/evotek.md\/ro\/wp-json\/wp\/v2\/product\/25169"}],"collection":[{"href":"https:\/\/evotek.md\/ro\/wp-json\/wp\/v2\/product"}],"about":[{"href":"https:\/\/evotek.md\/ro\/wp-json\/wp\/v2\/types\/product"}],"wp:featuredmedia":[{"embeddable":true,"href":"https:\/\/evotek.md\/ro\/wp-json\/wp\/v2\/media\/25168"}],"wp:attachment":[{"href":"https:\/\/evotek.md\/ro\/wp-json\/wp\/v2\/media?parent=25169"}],"curies":[{"name":"wp","href":"https:\/\/api.w.org\/{rel}","templated":true}]}}