{"id":25162,"date":"2021-09-15T14:17:28","date_gmt":"2021-09-15T14:17:28","guid":{"rendered":"https:\/\/evotek.md\/?post_type=product&#038;p=25162"},"modified":"2021-09-15T14:23:38","modified_gmt":"2021-09-15T14:23:38","slug":"termometru-digital-cu-sonda-st-620410","status":"publish","type":"product","link":"https:\/\/evotek.md\/ro\/produse\/accesorii-si-inventar-bucatarie\/termometre\/termometru-digital-cu-sonda-st-620410\/","title":{"rendered":"TERMOMETRU DE BUC\u0102T\u0102RIE CU SOND\u0102 -ST-620412"},"content":{"rendered":"<div><strong>TERMOMETRU DE BUC\u0102T\u0102RIE CU SOND\u0102 -ST-620412-<\/strong> Cu ajutorul termometrului, pute\u021bi m\u0103sura temperatura alimentelor la diferite etape de g\u0103tit.<\/div>\n<div><\/div>\n<div>Caracteristici<\/div>\n<div>Temperatura ~ 300 \u00b0 C<br \/>\nSonda din o\u021bel cu cablu de 1 m<br \/>\nAlarm\u0103 temporar\u0103<br \/>\nAfi\u0219aj reglabil 48 x 36 mm<br \/>\nCeas 12\/24 ore<br \/>\nTemp. \u00b0 C \/ \u00b0 F<br \/>\nSuport magnetic<\/div>\n","protected":false},"excerpt":{"rendered":"<p>Termometru de buc\u0103t\u0103rie cu sont\u0103.Temperatura ~ 300 \u00b0 C; Sonda din o\u021bel cu cablu de 1 m; Alarm\u0103 temporar\u0103; Afi\u0219aj reglabil 48 x 36 mm; Ceas 12\/24 ore; Temp. \u00b0 C \/ \u00b0 F; Suport magnetic.<\/p>\n","protected":false},"featured_media":25161,"template":"","meta":[],"_links":{"self":[{"href":"https:\/\/evotek.md\/ro\/wp-json\/wp\/v2\/product\/25162"}],"collection":[{"href":"https:\/\/evotek.md\/ro\/wp-json\/wp\/v2\/product"}],"about":[{"href":"https:\/\/evotek.md\/ro\/wp-json\/wp\/v2\/types\/product"}],"wp:featuredmedia":[{"embeddable":true,"href":"https:\/\/evotek.md\/ro\/wp-json\/wp\/v2\/media\/25161"}],"wp:attachment":[{"href":"https:\/\/evotek.md\/ro\/wp-json\/wp\/v2\/media?parent=25162"}],"curies":[{"name":"wp","href":"https:\/\/api.w.org\/{rel}","templated":true}]}}