{"id":25157,"date":"2021-09-15T14:09:22","date_gmt":"2021-09-15T14:09:22","guid":{"rendered":"https:\/\/evotek.md\/?post_type=product&#038;p=25157"},"modified":"2021-09-15T14:09:22","modified_gmt":"2021-09-15T14:09:22","slug":"cutit-forjat-pentru-paine-l-230-mm-st-294230","status":"publish","type":"product","link":"https:\/\/evotek.md\/ro\/produse\/accesorii-si-inventar-bucatarie\/cutite-forjate-pentru-sef-bucatar\/cutit-forjat-pentru-paine-l-230-mm-st-294230\/","title":{"rendered":"CU\u021aIT FORJAT PENTRU P\u00c2INE L 230 mm -ST-294230"},"content":{"rendered":"<p><strong>CU\u021aIT FORJAT PENTRU P\u00c2INE L 230 mm -ST-294230-<\/strong> realizat din bare din o\u021bel forjat, m\u00e2ner ergonomic conceput \u00een a\u0219a fel \u00eenc\u00e2t s\u0103 previn\u0103 acumularea de reziduuri la articula\u021bii, lama foarte ascu\u021bit\u0103 \u0219i durabil\u0103, sigur\u0103 \u00een ma\u0219ina de sp\u0103lat vase.<\/p>\n<p>Lungime: 210 mm<\/p>\n","protected":false},"excerpt":{"rendered":"<p>Cu\u021bit forjat pentru p\u00e2ine, lungimea de 210 mm.<\/p>\n","protected":false},"featured_media":25156,"template":"","meta":[],"_links":{"self":[{"href":"https:\/\/evotek.md\/ro\/wp-json\/wp\/v2\/product\/25157"}],"collection":[{"href":"https:\/\/evotek.md\/ro\/wp-json\/wp\/v2\/product"}],"about":[{"href":"https:\/\/evotek.md\/ro\/wp-json\/wp\/v2\/types\/product"}],"wp:featuredmedia":[{"embeddable":true,"href":"https:\/\/evotek.md\/ro\/wp-json\/wp\/v2\/media\/25156"}],"wp:attachment":[{"href":"https:\/\/evotek.md\/ro\/wp-json\/wp\/v2\/media?parent=25157"}],"curies":[{"name":"wp","href":"https:\/\/api.w.org\/{rel}","templated":true}]}}