{"id":25151,"date":"2021-09-15T13:05:42","date_gmt":"2021-09-15T13:05:42","guid":{"rendered":"https:\/\/evotek.md\/?post_type=product&#038;p=25151"},"modified":"2021-09-15T13:05:53","modified_gmt":"2021-09-15T13:05:53","slug":"termometru-sonda-st-620510","status":"publish","type":"product","link":"https:\/\/evotek.md\/ro\/produse\/accesorii-si-inventar-bucatarie\/termometre\/termometru-sonda-st-620510\/","title":{"rendered":"TERMOMETRU-SOND\u0102 -ST-620510"},"content":{"rendered":"<p><strong>TERMOMETRU-SOND\u0102 -ST-620510-<\/strong> Termometrul-sond\u0103 este conceput pentru a m\u0103sura temperatura din interiorul produsului. Pentru a preveni coroziunea datorit\u0103 con\u021binutului ridicat de umiditate, termometrul-sond\u0103 este realizat din inox. Intervalul de temperatur\u0103 este de la 0 \u00b0 C la 300 \u00b0 C.<\/p>\n<p>Carcteristici<\/p>\n<p>Lungimea sondei: 160 mm<br \/>\nMaterial: inox18\/10<br \/>\nTemperatura: 0 \u00b0 C p\u00e2n\u0103 la 300 \u00b0 C<br \/>\nDiametru: 50mm<\/p>\n","protected":false},"excerpt":{"rendered":"<p>Termometru-sond\u0103. Lungimea sondei: 160 mm; Material: inox18\/10; Temperatura: 0 \u00b0 C p\u00e2n\u0103 la 300 \u00b0 C; Diametru: 50mm.<\/p>\n","protected":false},"featured_media":25150,"template":"","meta":[],"_links":{"self":[{"href":"https:\/\/evotek.md\/ro\/wp-json\/wp\/v2\/product\/25151"}],"collection":[{"href":"https:\/\/evotek.md\/ro\/wp-json\/wp\/v2\/product"}],"about":[{"href":"https:\/\/evotek.md\/ro\/wp-json\/wp\/v2\/types\/product"}],"wp:featuredmedia":[{"embeddable":true,"href":"https:\/\/evotek.md\/ro\/wp-json\/wp\/v2\/media\/25150"}],"wp:attachment":[{"href":"https:\/\/evotek.md\/ro\/wp-json\/wp\/v2\/media?parent=25151"}],"curies":[{"name":"wp","href":"https:\/\/api.w.org\/{rel}","templated":true}]}}