{"id":25146,"date":"2021-09-15T12:38:04","date_gmt":"2021-09-15T12:42:12","guid":{"rendered":"https:\/\/evotek.md\/?post_type=product&#038;p=25146"},"modified":"2023-02-24T11:44:04","modified_gmt":"2023-02-24T11:44:04","slug":"cana-de-masurare-din-inox-2-l-st-506202","status":"publish","type":"product","link":"https:\/\/evotek.md\/ro\/produse\/accesorii-si-inventar-bucatarie\/cani-gradate\/cana-de-masurare-din-inox-2-l-st-506202\/","title":{"rendered":"CANA GRADATA DIN INOX, 2 LITRI -ST-506202"},"content":{"rendered":"<p><strong>CANA GRADATA DIN INOX, 2 LITRI -ST-506202-<\/strong> O cea\u0219c\u0103 de m\u0103surare sub form\u0103 de ulcior este indispensabil\u0103 \u00een orice buc\u0103t\u0103rie &#8211; at\u00e2t profesional\u0103, c\u00e2t \u0219i acas\u0103. Ofer\u0103 m\u0103surare precis\u0103 a diferitelor tipuri de produse. Vasul este fabricat din o\u021bel inoxidabil de \u00eenalt\u0103 calitate. Acest material este rezistent la deterior\u0103ri mecanice, u\u0219or de cur\u0103\u021bat \u0219i potrivit pentru contactul direct cu alimentele. O gradare clar\u0103 \u00een interiorul ulciorului faciliteaz\u0103 m\u0103surarea cantit\u0103\u021bii necesare de m\u00e2ncare.<\/p>\n<p>Specifica\u021bii<\/p>\n<p>Material din o\u021bel inoxidabil.<br \/>\nCapacitate 2 l<\/p>\n","protected":false},"excerpt":{"rendered":"<p>Can\u0103 de m\u0103surare din inox la 2 litri.<\/p>\n","protected":false},"featured_media":25145,"template":"","meta":[],"_links":{"self":[{"href":"https:\/\/evotek.md\/ro\/wp-json\/wp\/v2\/product\/25146"}],"collection":[{"href":"https:\/\/evotek.md\/ro\/wp-json\/wp\/v2\/product"}],"about":[{"href":"https:\/\/evotek.md\/ro\/wp-json\/wp\/v2\/types\/product"}],"wp:featuredmedia":[{"embeddable":true,"href":"https:\/\/evotek.md\/ro\/wp-json\/wp\/v2\/media\/25145"}],"wp:attachment":[{"href":"https:\/\/evotek.md\/ro\/wp-json\/wp\/v2\/media?parent=25146"}],"curies":[{"name":"wp","href":"https:\/\/api.w.org\/{rel}","templated":true}]}}