{"id":25140,"date":"2021-09-15T12:11:17","date_gmt":"2021-09-15T12:14:44","guid":{"rendered":"https:\/\/evotek.md\/?post_type=product&#038;p=25140"},"modified":"2023-02-24T11:43:04","modified_gmt":"2023-02-24T11:43:04","slug":"cana-de-masurare-2-l-st-506203","status":"publish","type":"product","link":"https:\/\/evotek.md\/ro\/produse\/accesorii-si-inventar-bucatarie\/cani-gradate\/cana-de-masurare-2-l-st-506203\/","title":{"rendered":"CANA GRADATA DIN POLIPROPILENA, 2 LITRI -ST-506203"},"content":{"rendered":"<p><strong>CANA GRADATA DIN POLIPROPILENA, 2 LITRI -ST-506203-<\/strong> Can\u0103 de m\u0103surare fabricat\u0103 din polipropilen\u0103.<\/p>\n<p>Volumul este de 2 litri.<\/p>\n","protected":false},"excerpt":{"rendered":"<p>Can\u0103 de m\u0103surare fabricat\u0103 din polipropilen\u0103 la 2 litri.<\/p>\n","protected":false},"featured_media":25139,"template":"","meta":[],"_links":{"self":[{"href":"https:\/\/evotek.md\/ro\/wp-json\/wp\/v2\/product\/25140"}],"collection":[{"href":"https:\/\/evotek.md\/ro\/wp-json\/wp\/v2\/product"}],"about":[{"href":"https:\/\/evotek.md\/ro\/wp-json\/wp\/v2\/types\/product"}],"wp:featuredmedia":[{"embeddable":true,"href":"https:\/\/evotek.md\/ro\/wp-json\/wp\/v2\/media\/25139"}],"wp:attachment":[{"href":"https:\/\/evotek.md\/ro\/wp-json\/wp\/v2\/media?parent=25140"}],"curies":[{"name":"wp","href":"https:\/\/api.w.org\/{rel}","templated":true}]}}