{"id":25134,"date":"2021-09-15T11:57:30","date_gmt":"2021-09-15T11:57:30","guid":{"rendered":"https:\/\/evotek.md\/?post_type=product&#038;p=25134"},"modified":"2021-09-15T11:57:30","modified_gmt":"2021-09-15T11:57:30","slug":"lingura-de-servire-315-mm-st-420032","status":"publish","type":"product","link":"https:\/\/evotek.md\/ro\/produse\/accesorii-si-inventar-bucatarie\/inventar-pentru-servire-bucate\/lingura-de-servire-315-mm-st-420032\/","title":{"rendered":"LINGUR\u0102 DE SERVIRE 315 mm -ST-420032"},"content":{"rendered":"<p><strong>LINGUR\u0102 DE SERVIRE 315 mm -ST-420032-<\/strong> fabricat din inox lustruit folosind tehnologia monobloc f\u0103r\u0103 suduri sau \u00eendoituri, dintr-o singur\u0103 bucat\u0103 de o\u021bel, u\u0219or de cur\u0103\u021bat.<\/p>\n<p>Caracteristici<\/p>\n<p>Construit din inox 18\/10 lustruit dintr-o singur\u0103 bucat\u0103 de metal<br \/>\nGrosimea m\u00e2nerului 2,7 mm<br \/>\nLungime 315 mm<\/p>\n","protected":false},"excerpt":{"rendered":"<p>Lingur\u0103 de servire. Construit din inox 18\/10 lustruit dintr-o singur\u0103 bucat\u0103 de o\u021bel; Grosimea m\u00e2nerului 2,7 mm; Lungime 315 mm.<\/p>\n","protected":false},"featured_media":25132,"template":"","meta":[],"_links":{"self":[{"href":"https:\/\/evotek.md\/ro\/wp-json\/wp\/v2\/product\/25134"}],"collection":[{"href":"https:\/\/evotek.md\/ro\/wp-json\/wp\/v2\/product"}],"about":[{"href":"https:\/\/evotek.md\/ro\/wp-json\/wp\/v2\/types\/product"}],"wp:featuredmedia":[{"embeddable":true,"href":"https:\/\/evotek.md\/ro\/wp-json\/wp\/v2\/media\/25132"}],"wp:attachment":[{"href":"https:\/\/evotek.md\/ro\/wp-json\/wp\/v2\/media?parent=25134"}],"curies":[{"name":"wp","href":"https:\/\/api.w.org\/{rel}","templated":true}]}}