{"id":25129,"date":"2021-09-15T11:28:22","date_gmt":"2021-09-15T11:28:22","guid":{"rendered":"https:\/\/evotek.md\/?post_type=product&#038;p=25129"},"modified":"2021-09-15T11:28:22","modified_gmt":"2021-09-15T11:28:22","slug":"spumiera-120-mm-st-324120","status":"publish","type":"product","link":"https:\/\/evotek.md\/ro\/produse\/accesorii-si-inventar-bucatarie\/inventar-pentru-servire-bucate\/spumiera-120-mm-st-324120\/","title":{"rendered":"SPUMIER\u0102 120 mm -ST-324120"},"content":{"rendered":"<p><strong>SPUMIER\u0102 120 mm -ST-324120<\/strong>&#8211; Spumier\u0103 sub forma unei linguri mari \u0219i plate, cu multe g\u0103uri mici pentru trecerea lichidului. Este utilizat \u00een principiu pentru \u00eendep\u0103rtarea spumei \u0219i amestecare. Un lucru de ne\u00eenlocuit \u00een orice buc\u0103t\u0103rie, fie ea profesional\u0103 sau acas\u0103.<\/p>\n<p>Specifica\u021bii<br \/>\nDiametru: 120 mm<br \/>\nLungime: 360 mm<br \/>\nMaterial: inox<\/p>\n","protected":false},"excerpt":{"rendered":"<p>Spumier\u0103. Diametru: 120 mm; Lungime: 360 mm; Material: inox.<\/p>\n","protected":false},"featured_media":25119,"template":"","meta":[],"_links":{"self":[{"href":"https:\/\/evotek.md\/ro\/wp-json\/wp\/v2\/product\/25129"}],"collection":[{"href":"https:\/\/evotek.md\/ro\/wp-json\/wp\/v2\/product"}],"about":[{"href":"https:\/\/evotek.md\/ro\/wp-json\/wp\/v2\/types\/product"}],"wp:featuredmedia":[{"embeddable":true,"href":"https:\/\/evotek.md\/ro\/wp-json\/wp\/v2\/media\/25119"}],"wp:attachment":[{"href":"https:\/\/evotek.md\/ro\/wp-json\/wp\/v2\/media?parent=25129"}],"curies":[{"name":"wp","href":"https:\/\/api.w.org\/{rel}","templated":true}]}}