{"id":25120,"date":"2021-09-15T11:13:11","date_gmt":"2021-09-15T11:13:11","guid":{"rendered":"https:\/\/evotek.md\/?post_type=product&#038;p=25120"},"modified":"2021-09-15T11:18:21","modified_gmt":"2021-09-15T11:18:21","slug":"skinner-st-324100","status":"publish","type":"product","link":"https:\/\/evotek.md\/ro\/produse\/accesorii-si-inventar-bucatarie\/inventar-pentru-servire-bucate\/skinner-st-324100\/","title":{"rendered":"SPUMIER\u0102 -ST-324100"},"content":{"rendered":"<p><strong>SPUMIER\u0102 -ST-324100-<\/strong> spumier\u0103 sub forma unei linguri mari \u0219i plate, cu multe g\u0103uri mici pentru trecerea lichidului. Este utilizat \u00een principal pentru \u00eendep\u0103rtarea spumei \u0219i amestecare. Un lucru de ne\u00eenlocuit \u00een orice buc\u0103t\u0103rie, fie ea profesional\u0103 sau acas\u0103.<\/p>\n<p>Specifica\u021bii<br \/>\nDiametru: 100 mm<br \/>\nLungime: 305 mm<br \/>\nMaterial: inox<\/p>\n","protected":false},"excerpt":{"rendered":"<p>Spumier\u0103. Diametru: 100 mm; Lungime: 305 mm; Material: inox.<\/p>\n","protected":false},"featured_media":25119,"template":"","meta":[],"_links":{"self":[{"href":"https:\/\/evotek.md\/ro\/wp-json\/wp\/v2\/product\/25120"}],"collection":[{"href":"https:\/\/evotek.md\/ro\/wp-json\/wp\/v2\/product"}],"about":[{"href":"https:\/\/evotek.md\/ro\/wp-json\/wp\/v2\/types\/product"}],"wp:featuredmedia":[{"embeddable":true,"href":"https:\/\/evotek.md\/ro\/wp-json\/wp\/v2\/media\/25119"}],"wp:attachment":[{"href":"https:\/\/evotek.md\/ro\/wp-json\/wp\/v2\/media?parent=25120"}],"curies":[{"name":"wp","href":"https:\/\/api.w.org\/{rel}","templated":true}]}}