{"id":25115,"date":"2021-09-15T10:11:12","date_gmt":"2021-09-15T10:11:12","guid":{"rendered":"https:\/\/evotek.md\/?post_type=product&#038;p=25115"},"modified":"2021-09-15T10:11:12","modified_gmt":"2021-09-15T10:11:12","slug":"polonic-60-ml-st-323061","status":"publish","type":"product","link":"https:\/\/evotek.md\/ro\/produse\/accesorii-si-inventar-bucatarie\/inventar-pentru-servire-bucate\/polonic-60-ml-st-323061\/","title":{"rendered":"POLONIC 60 ml -ST-323061"},"content":{"rendered":"<p><strong>POLONIC 60 ml -ST-323061-<\/strong> Polonic profesional dintr-o singur\u0103 bucat\u0103 de inox f\u0103r\u0103 suduri. \u00centre\u021binere u\u0219oar\u0103 \u0219i cur\u0103\u021bare rapid\u0103. M\u00e2ner ergonomic cu o curb\u0103 special\u0103 pentru ag\u0103\u021bare u\u0219oar\u0103.<\/p>\n<p>Caracteristici<\/p>\n<p>Diametru: 60 mm<br \/>\nVolum: 60 ml<br \/>\nLungime: 275 mm<br \/>\nMaterial: inox<\/p>\n","protected":false},"excerpt":{"rendered":"<p>Polonic cu volumul 60 ml. Diametru: 60 mm; Lungime: 275 mm; Material: inox.<\/p>\n","protected":false},"featured_media":25114,"template":"","meta":[],"_links":{"self":[{"href":"https:\/\/evotek.md\/ro\/wp-json\/wp\/v2\/product\/25115"}],"collection":[{"href":"https:\/\/evotek.md\/ro\/wp-json\/wp\/v2\/product"}],"about":[{"href":"https:\/\/evotek.md\/ro\/wp-json\/wp\/v2\/types\/product"}],"wp:featuredmedia":[{"embeddable":true,"href":"https:\/\/evotek.md\/ro\/wp-json\/wp\/v2\/media\/25114"}],"wp:attachment":[{"href":"https:\/\/evotek.md\/ro\/wp-json\/wp\/v2\/media?parent=25115"}],"curies":[{"name":"wp","href":"https:\/\/api.w.org\/{rel}","templated":true}]}}