{"id":25101,"date":"2021-09-15T08:35:49","date_gmt":"2021-09-15T08:41:30","guid":{"rendered":"https:\/\/evotek.md\/?post_type=product&#038;p=25101"},"modified":"2023-03-16T09:34:25","modified_gmt":"2023-03-16T09:34:25","slug":"sita-conica-cu-plasa-densa-200-mm-st-075200","status":"publish","type":"product","link":"https:\/\/evotek.md\/ro\/produse\/accesorii-si-inventar-bucatarie\/sita-din-inox\/sita-conica-cu-plasa-densa-200-mm-st-075200\/","title":{"rendered":"SITA CONICA CU PLASA DENASA \u00d8200 mm -ST-075200"},"content":{"rendered":"<div><strong>SITA CONICA CU PLASA DENASA \u00d8200 mm -ST-075200-<\/strong> sita conic\u0103 cu plas\u0103 dens\u0103, destinat\u0103 utiliz\u0103rii profesionale \u00een restaurante, baruri, hotele \u0219i unit\u0103\u021bi de catering.<\/div>\n<div><\/div>\n<div>Caracteristici<\/div>\n<div>Diametru: 200 mm<\/div>\n<div>\u00cen\u0103l\u021bime: 150 mm<\/div>\n<div>Material: inox<\/div>\n","protected":false},"excerpt":{"rendered":"<p>Sit\u0103 conic\u0103 cu plas\u0103 dens\u0103. Diametru: 200 mm; \u00cen\u0103l\u021bime: 150 mm; Material: inox.<\/p>\n","protected":false},"featured_media":25100,"template":"","meta":[],"_links":{"self":[{"href":"https:\/\/evotek.md\/ro\/wp-json\/wp\/v2\/product\/25101"}],"collection":[{"href":"https:\/\/evotek.md\/ro\/wp-json\/wp\/v2\/product"}],"about":[{"href":"https:\/\/evotek.md\/ro\/wp-json\/wp\/v2\/types\/product"}],"wp:featuredmedia":[{"embeddable":true,"href":"https:\/\/evotek.md\/ro\/wp-json\/wp\/v2\/media\/25100"}],"wp:attachment":[{"href":"https:\/\/evotek.md\/ro\/wp-json\/wp\/v2\/media?parent=25101"}],"curies":[{"name":"wp","href":"https:\/\/api.w.org\/{rel}","templated":true}]}}