{"id":25087,"date":"2021-09-15T07:48:56","date_gmt":"2021-09-15T07:48:56","guid":{"rendered":"https:\/\/evotek.md\/?post_type=product&#038;p=25087"},"modified":"2021-09-15T07:48:56","modified_gmt":"2021-09-15T07:48:56","slug":"cuptor-cu-convectie-electric-pentru-patiserie-emp-pfe4-y","status":"publish","type":"product","link":"https:\/\/evotek.md\/ro\/produse\/echipamente-termice\/cuptoare-cu-convectie-cuptoare\/cuptor-cu-convectie-electric-pentru-patiserie-emp-pfe4-y\/","title":{"rendered":"CUPTOR CU CONVEC\u021aIE ELECTRIC PENTRU PATISERIE -EMP-PFE4-Y"},"content":{"rendered":"<p><strong>CUPTOR CU CONVEC\u021aIE ELECTRIC PENTRU PATISERIE -EMP-PFE4-Y-<\/strong> Distribu\u021bie uniform\u0103 a c\u0103ldurii cu un ventilator care se poate roti \u00een dou\u0103 direc\u021bii. Reglarea timpului de preparare. Afi\u0219are digital\u0103 a temperaturii. Aburire manual\u0103. Sticl\u0103 c\u0103lit\u0103 cu sigiliu din silicon. Sistem de u\u0219i cu senzor. Carcas\u0103 din inox.<\/p>\n<p>Caracteristici<br \/>\nDimensiuni: 802x864x502 mm<br \/>\nGreutate: 94 kg<br \/>\nNet: 0,35 m3<br \/>\nPutere: 7 kW<br \/>\nCapacitate tava: 4-40&#215;60 L<br \/>\nIntrare electric\u0103: 230 V<br \/>\nSec\u021biunea cablului: 5&#215;2,5 mm\u00b2<\/p>\n<p>&nbsp;<\/p>\n","protected":false},"excerpt":{"rendered":"<p>Cuptor cu convec\u021bie electric pentru patisserie. Dimensiuni: 802x864x502 mm; Greutate: 94 kg; Net: 0,35 m3; Putere: 7 kW; Capacitate tava: 4-40&#215;60 L; Intrare electric\u0103: 230 V; Sec\u021biunea cablului: 5&#215;2,5 mm\u00b2.<\/p>\n","protected":false},"featured_media":25081,"template":"","meta":[],"_links":{"self":[{"href":"https:\/\/evotek.md\/ro\/wp-json\/wp\/v2\/product\/25087"}],"collection":[{"href":"https:\/\/evotek.md\/ro\/wp-json\/wp\/v2\/product"}],"about":[{"href":"https:\/\/evotek.md\/ro\/wp-json\/wp\/v2\/types\/product"}],"wp:featuredmedia":[{"embeddable":true,"href":"https:\/\/evotek.md\/ro\/wp-json\/wp\/v2\/media\/25081"}],"wp:attachment":[{"href":"https:\/\/evotek.md\/ro\/wp-json\/wp\/v2\/media?parent=25087"}],"curies":[{"name":"wp","href":"https:\/\/api.w.org\/{rel}","templated":true}]}}