{"id":25082,"date":"2021-09-14T14:57:43","date_gmt":"2021-09-14T14:57:43","guid":{"rendered":"https:\/\/evotek.md\/?post_type=product&#038;p=25082"},"modified":"2021-09-14T14:57:43","modified_gmt":"2021-09-14T14:57:43","slug":"cuptor-cu-convectie-electric-pentru-patiserie-emp-pfe4-u","status":"publish","type":"product","link":"https:\/\/evotek.md\/ro\/produse\/echipamente-termice\/cuptoare-cu-convectie-cuptoare\/cuptor-cu-convectie-electric-pentru-patiserie-emp-pfe4-u\/","title":{"rendered":"CUPTOR CU CONVEC\u021aIE ELECTRIC PENTRU PATISERIE -EMP-PFE4-U"},"content":{"rendered":"<p><strong>CUPTOR CU CONVEC\u021aIE ELECTRIC PENTRU PATISERIE -EMP-PFE4-U<\/strong>&#8211; Distribu\u021bie uniform\u0103 a c\u0103ldurii cu un ventilator care se poate roti \u00een dou\u0103 direc\u021bii. Reglarea timpului de preparare. Afi\u0219are digital\u0103 a temperaturii. Aburire manual\u0103. Sticl\u0103 c\u0103lit\u0103 cu sigiliu din silicon. Sistem de u\u0219i cu senzor. Carcas\u0103 din inox. Deschiderea superioar\u0103 a cuptorului.<\/p>\n<p>Caracteristici<br \/>\nDimensiuni: 802x856x587<br \/>\nGreutate: 90 kg<br \/>\nNet: 0,40 m3<br \/>\nPutere: 7 kW<br \/>\nCapacitate tava: 4-40&#215;60 L<br \/>\nIntrare electric\u0103: 230 V<br \/>\nSec\u021biunea cablului: 5&#215;2,5 mm\u00b2<\/p>\n<p>&nbsp;<\/p>\n","protected":false},"excerpt":{"rendered":"<p>Cuptor cu convec\u021bie electric pentru patisserie. Dimensiuni: 802x856x587; Greutate: 90 kg; Net: 0,40 m3; Putere: 7 kW; Capacitate tava: 4-40&#215;60 L; Intrare electric\u0103: 230 V; Sec\u021biunea cablului: 5&#215;2,5 mm\u00b2.<\/p>\n","protected":false},"featured_media":25079,"template":"","meta":[],"_links":{"self":[{"href":"https:\/\/evotek.md\/ro\/wp-json\/wp\/v2\/product\/25082"}],"collection":[{"href":"https:\/\/evotek.md\/ro\/wp-json\/wp\/v2\/product"}],"about":[{"href":"https:\/\/evotek.md\/ro\/wp-json\/wp\/v2\/types\/product"}],"wp:featuredmedia":[{"embeddable":true,"href":"https:\/\/evotek.md\/ro\/wp-json\/wp\/v2\/media\/25079"}],"wp:attachment":[{"href":"https:\/\/evotek.md\/ro\/wp-json\/wp\/v2\/media?parent=25082"}],"curies":[{"name":"wp","href":"https:\/\/api.w.org\/{rel}","templated":true}]}}