{"id":25070,"date":"2021-09-14T13:42:20","date_gmt":"2021-09-14T13:42:20","guid":{"rendered":"https:\/\/evotek.md\/?post_type=product&#038;p=25070"},"modified":"2021-09-14T13:42:51","modified_gmt":"2021-09-14T13:42:51","slug":"mini-cuptor-cu-convectie-electric-4-nivele-emp-pfe423-u","status":"publish","type":"product","link":"https:\/\/evotek.md\/ro\/produse\/echipamente-termice\/cuptoare-cu-convectie-cuptoare\/mini-cuptor-cu-convectie-electric-4-nivele-emp-pfe423-u\/","title":{"rendered":"MINI-CUPTOR CU CONVEC\u021aIE ELECTRIC, 4 NIVELE -EMP.PFE423-U"},"content":{"rendered":"<p><strong>MINI-CUPTOR CU CONVEC\u021aIE ELECTRIC, 4 NIVELE -EMP.PFE423-U-<\/strong> Este utilizat \u00een cafenele, bistrouri, restaurante mici pentru prepararea rapid\u0103 a produselor de patiserie \u0219i a unei variet\u0103\u021bi de bucate. Deschidere de sus; 4 t\u0103vi; Ventilator unidirec\u021bional; Sticl\u0103 c\u0103lit\u0103; Sistem u\u0219\u0103 senzor; Carcas\u0103 din inox.<\/p>\n<p>Specifica\u021bii<br \/>\nCapacitate: 4&#215;2 \/ 3 GN<br \/>\nPutere: 3 kW<br \/>\nNet: 0,21 m3<br \/>\nDimensiuni: 512x738x559 mm<br \/>\nGreutate: 45 kg<br \/>\nIntrare electric\u0103: 230 V<br \/>\nSec\u021biunea cablului: 3&#215;1,5 mm2<\/p>\n<p>&nbsp;<\/p>\n","protected":false},"excerpt":{"rendered":"<p>Mini-cuptor cu convec\u021bie electric, 4 nivele. Capacitate: 4&#215;2 \/ 3 GN; Putere: 3 Kw; Net: 0,21 m3; Dimensiuni: 512x738x559 mm; Greutate: 45 kg; Intrare electric\u0103: 230 V; Sec\u021biunea cablului: 3&#215;1,5 mm2.<\/p>\n","protected":false},"featured_media":25069,"template":"","meta":[],"_links":{"self":[{"href":"https:\/\/evotek.md\/ro\/wp-json\/wp\/v2\/product\/25070"}],"collection":[{"href":"https:\/\/evotek.md\/ro\/wp-json\/wp\/v2\/product"}],"about":[{"href":"https:\/\/evotek.md\/ro\/wp-json\/wp\/v2\/types\/product"}],"wp:featuredmedia":[{"embeddable":true,"href":"https:\/\/evotek.md\/ro\/wp-json\/wp\/v2\/media\/25069"}],"wp:attachment":[{"href":"https:\/\/evotek.md\/ro\/wp-json\/wp\/v2\/media?parent=25070"}],"curies":[{"name":"wp","href":"https:\/\/api.w.org\/{rel}","templated":true}]}}