{"id":25060,"date":"2021-09-14T12:08:24","date_gmt":"2021-09-14T12:08:24","guid":{"rendered":"https:\/\/evotek.md\/?post_type=product&#038;p=25060"},"modified":"2021-09-14T12:08:24","modified_gmt":"2021-09-14T12:08:24","slug":"gratar-pe-carbuni-cu-rotisor-emp-btg-02","status":"publish","type":"product","link":"https:\/\/evotek.md\/ro\/produse\/echipamente-termice\/gratar-pe-carbuni-cu-rotisor\/gratar-pe-carbuni-cu-rotisor-emp-btg-02\/","title":{"rendered":"GR\u0102TAR PE C\u0102RBUNI CU ROTI\u0218OR -EMP.BTG.02"},"content":{"rendered":"<p><strong>GR\u0102TAR PE C\u0102RBUNI CU ROTI\u0218OR -EMP.BTG.02<\/strong>&#8211; Sistem de lift din inox termorezistent. Sertar pentru cenu\u0219\u0103. Dulap pentru depozitarea c\u0103rbunilor. Canal de aer pentru aprindere rapid\u0103. Carcas\u0103 din inox.<\/p>\n<p>Specifica\u021bii<br \/>\nDimensiuni: 1340x800x900\/1685<br \/>\nGreutate: 226 kg<br \/>\nNet (m3): 1.69<br \/>\nDimensiune gril\u0103: 1060&#215;530 mm, gril\u0103 suport 1080\u0445220 mm<\/p>\n<p>&nbsp;<\/p>\n","protected":false},"excerpt":{"rendered":"<p>Gr\u0103tar pe c\u0103rbuni cu roti\u0219or. Dimensiuni: 1340x800x900\/1685; Greutate: 226 kg; Net (m3): 1.69; Dimensiune gril\u0103: 1060&#215;530 mm, gril\u0103 suport 1080\u0445220 mm.<\/p>\n","protected":false},"featured_media":25055,"template":"","meta":[],"_links":{"self":[{"href":"https:\/\/evotek.md\/ro\/wp-json\/wp\/v2\/product\/25060"}],"collection":[{"href":"https:\/\/evotek.md\/ro\/wp-json\/wp\/v2\/product"}],"about":[{"href":"https:\/\/evotek.md\/ro\/wp-json\/wp\/v2\/types\/product"}],"wp:featuredmedia":[{"embeddable":true,"href":"https:\/\/evotek.md\/ro\/wp-json\/wp\/v2\/media\/25055"}],"wp:attachment":[{"href":"https:\/\/evotek.md\/ro\/wp-json\/wp\/v2\/media?parent=25060"}],"curies":[{"name":"wp","href":"https:\/\/api.w.org\/{rel}","templated":true}]}}