{"id":25034,"date":"2021-09-13T15:01:50","date_gmt":"2021-09-13T15:04:33","guid":{"rendered":"https:\/\/evotek.md\/?post_type=product&#038;p=25034"},"modified":"2022-04-05T11:03:43","modified_gmt":"2022-04-05T11:03:43","slug":"arzator-cu-gaz-pentru-caramelizare-st-500700","status":"publish","type":"product","link":"https:\/\/evotek.md\/ro\/produse\/accesorii-si-inventar-bucatarie\/accesorii-pentru-bar\/arzator-cu-gaz-pentru-caramelizare-st-500700\/","title":{"rendered":"CARAMELIZATOR CU GAZ PENTRU CREME BRULEE -ST-500700"},"content":{"rendered":"<div><strong>CARAMELIZATOR CU GAZ PENTRU CREME BRULEE -ST-500700-<\/strong> Arz\u0103torul cu gaz este conceput pentru caramelizarea sosurilor, cremelor, precum \u0219i pentru utilizare larg\u0103 \u00een cofet\u0103rie \u0219i alimenta\u021bie public\u0103. Dispozitivul are: un aprinz\u0103tor piezoelectric, un arz\u0103tor cu flac\u0103r\u0103 reglabil, un buton de blocare a fl\u0103c\u0103rii.<\/div>\n<div><\/div>\n<div>Caracteristici<\/div>\n<div>Timpul de lucru cu sarcin\u0103 maxim\u0103 de gaz este de p\u00e2n\u0103 la 75 min.<\/div>\n<div>Temperatura fl\u0103c\u0103rii: 1300 grade Celsius<\/div>\n<div>Dimensiune: 153&#215;74 mm, \u00een\u0103l\u021bime 179 mm<\/div>\n<div>Volum: 45 ml<\/div>\n<div>Material: o\u021bel inoxidabil \u0219i plastic<\/div>\n","protected":false},"excerpt":{"rendered":"<p>Arz\u0103tor cu gaz pentru caramelizare. Timpul de lucru cu sarcin\u0103 maxim\u0103 de gaz este de p\u00e2n\u0103 la 75 min.; Temperatura fl\u0103c\u0103rii: 1300 grade Celsius; Dimensiune: 153&#215;74 mm, \u00een\u0103l\u021bime 179 mm; Volum: 45 ml; Material: o\u021bel inoxidabil \u0219i plastic.<\/p>\n","protected":false},"featured_media":25027,"template":"","meta":[],"_links":{"self":[{"href":"https:\/\/evotek.md\/ro\/wp-json\/wp\/v2\/product\/25034"}],"collection":[{"href":"https:\/\/evotek.md\/ro\/wp-json\/wp\/v2\/product"}],"about":[{"href":"https:\/\/evotek.md\/ro\/wp-json\/wp\/v2\/types\/product"}],"wp:featuredmedia":[{"embeddable":true,"href":"https:\/\/evotek.md\/ro\/wp-json\/wp\/v2\/media\/25027"}],"wp:attachment":[{"href":"https:\/\/evotek.md\/ro\/wp-json\/wp\/v2\/media?parent=25034"}],"curies":[{"name":"wp","href":"https:\/\/api.w.org\/{rel}","templated":true}]}}