{"id":25022,"date":"2021-09-13T14:39:50","date_gmt":"2021-09-13T14:39:50","guid":{"rendered":"https:\/\/evotek.md\/?post_type=product&#038;p=25022"},"modified":"2021-09-13T14:39:50","modified_gmt":"2021-09-13T14:39:50","slug":"stand-pentru-sticle-de-perete-st-474310","status":"publish","type":"product","link":"https:\/\/evotek.md\/ro\/produse\/accesorii-si-inventar-bucatarie\/accesorii-pentru-bar\/stand-pentru-sticle-de-perete-st-474310\/","title":{"rendered":"STAND PENTRU STICLE DE PERETE\u00a0-ST-474310"},"content":{"rendered":"<p><strong>STAND PENTRU STICLE DE PERETE -ST-474310-<\/strong> Recipient de perete din inox pentru sticle. Potrivit \u00een fiecare bar, hotel, restaurant sau cafenea, precum \u0219i \u00een alte unit\u0103\u021bi \u00een care se serve\u0219te alcool. Recipientul are dou\u0103 g\u0103uri pentru montarea pe perete.<\/p>\n<p>Caracteristici<\/p>\n<p>L\u0103\u021bime: 550 mm<br \/>\nAd\u00e2ncime: 100 mm<br \/>\n\u00cen\u0103l\u021bime: 150 mm<\/p>\n","protected":false},"excerpt":{"rendered":"<p>Recipient de perete din inox pentru sticle. L\u0103\u021bime: 550 mm; Ad\u00e2ncime: 100 mm; \u00cen\u0103l\u021bime: 150 mm.<\/p>\n","protected":false},"featured_media":25020,"template":"","meta":[],"_links":{"self":[{"href":"https:\/\/evotek.md\/ro\/wp-json\/wp\/v2\/product\/25022"}],"collection":[{"href":"https:\/\/evotek.md\/ro\/wp-json\/wp\/v2\/product"}],"about":[{"href":"https:\/\/evotek.md\/ro\/wp-json\/wp\/v2\/types\/product"}],"wp:featuredmedia":[{"embeddable":true,"href":"https:\/\/evotek.md\/ro\/wp-json\/wp\/v2\/media\/25020"}],"wp:attachment":[{"href":"https:\/\/evotek.md\/ro\/wp-json\/wp\/v2\/media?parent=25022"}],"curies":[{"name":"wp","href":"https:\/\/api.w.org\/{rel}","templated":true}]}}