{"id":25014,"date":"2021-09-13T13:42:18","date_gmt":"2021-09-13T13:42:18","guid":{"rendered":"https:\/\/evotek.md\/?post_type=product&#038;p=25014"},"modified":"2021-09-13T13:42:18","modified_gmt":"2021-09-13T13:42:18","slug":"feliator-de-legume-emp-800","status":"publish","type":"product","link":"https:\/\/evotek.md\/ro\/produse\/echipamente-electromecanice\/feliatoare-legume-si-cutite-feliatoare\/feliator-de-legume-emp-800\/","title":{"rendered":"FELIATOR DE LEGUME -EMP.800"},"content":{"rendered":"<p><strong>FELIATOR DE LEGUME -EMP.800-<\/strong> Este utilizat la \u00eentreprinderile de alimenta\u021bie public\u0103 \u0219i comer\u021b pentru t\u0103ierea legumelor crude sau fierte \u0219i utilizarea lor ulterioar\u0103 ca ingrediente pentru prepararea salatelor, a chipsurilor \u0219i a altor produse. Carcasa \u0219i lama feliatorului de legume sunt din inox. Lamele sunt u\u0219or de \u00eendep\u0103rtat pentru cur\u0103\u021bare. Senzor de siguran\u021b\u0103.<br \/>\nCaracteristici<br \/>\nParametri: 370x885x1335 mm<br \/>\nCapacitate: 800 kg\/h<br \/>\nPuterea motorului: 0,75 \/ 80 kW 1500-3000 rpm-380 V<br \/>\nGreutate: 60 kg<\/p>\n<p>&nbsp;<\/p>\n","protected":false},"excerpt":{"rendered":"<p>Feliator de legume cu o productivitate maxim\u0103 de 800 kg. Parametri: 370x885x1335 mm; Puterea motorului: 0,75 \/ 80 kW 1500-3000 rpm-380 V; Greutate: 60 kg.<\/p>\n","protected":false},"featured_media":25013,"template":"","meta":[],"_links":{"self":[{"href":"https:\/\/evotek.md\/ro\/wp-json\/wp\/v2\/product\/25014"}],"collection":[{"href":"https:\/\/evotek.md\/ro\/wp-json\/wp\/v2\/product"}],"about":[{"href":"https:\/\/evotek.md\/ro\/wp-json\/wp\/v2\/types\/product"}],"wp:featuredmedia":[{"embeddable":true,"href":"https:\/\/evotek.md\/ro\/wp-json\/wp\/v2\/media\/25013"}],"wp:attachment":[{"href":"https:\/\/evotek.md\/ro\/wp-json\/wp\/v2\/media?parent=25014"}],"curies":[{"name":"wp","href":"https:\/\/api.w.org\/{rel}","templated":true}]}}