{"id":25009,"date":"2021-09-13T12:23:13","date_gmt":"2021-09-13T12:23:13","guid":{"rendered":"https:\/\/evotek.md\/?post_type=product&#038;p=25009"},"modified":"2021-09-13T12:23:13","modified_gmt":"2021-09-13T12:23:13","slug":"feliator-de-legume-emp-400","status":"publish","type":"product","link":"https:\/\/evotek.md\/ro\/produse\/echipamente-electromecanice\/feliatoare-legume-si-cutite-feliatoare\/feliatoare-legume\/feliator-de-legume-emp-400\/","title":{"rendered":"FELIATOR DE LEGUME -EMP.400"},"content":{"rendered":"<p><strong>FELIATOR DE LEGUME -EMP.400-<\/strong> Este utilizat la \u00eentreprinderile de alimenta\u021bie public\u0103 \u0219i comer\u021b pentru t\u0103ierea legumelor crude sau fierte \u0219i utilizarea lor ulterioar\u0103 ca ingrediente pentru prepararea salatelor, a chipsurilor \u0219i a altor produse. Carcasa \u0219i lama feliatorului de legume sunt din inox. Lamele sunt u\u0219or de \u00eendep\u0103rtat pentru cur\u0103\u021bare. Acest feliator de legume are un stativ.<br \/>\nCaracteristici<\/p>\n<p>Parametri: 295x495x723 mm<br \/>\nProductivitate maxim\u0103: 400 kg<br \/>\nPuterea motorului: 0,75 \/ 80 kW 1500-3000 rpm-380 V<br \/>\nGreutate: 37 kg<\/p>\n<p>&nbsp;<\/p>\n","protected":false},"excerpt":{"rendered":"<p>Feliator de legume cu o productivitate maxim\u0103 de 400 kg. Parametri: 295x495x723 mm; Puterea motorului: 0,75 \/ 80 kW 1500-3000 rpm-380 V; Greutate: 37 kg.<\/p>\n","protected":false},"featured_media":25008,"template":"","meta":[],"_links":{"self":[{"href":"https:\/\/evotek.md\/ro\/wp-json\/wp\/v2\/product\/25009"}],"collection":[{"href":"https:\/\/evotek.md\/ro\/wp-json\/wp\/v2\/product"}],"about":[{"href":"https:\/\/evotek.md\/ro\/wp-json\/wp\/v2\/types\/product"}],"wp:featuredmedia":[{"embeddable":true,"href":"https:\/\/evotek.md\/ro\/wp-json\/wp\/v2\/media\/25008"}],"wp:attachment":[{"href":"https:\/\/evotek.md\/ro\/wp-json\/wp\/v2\/media?parent=25009"}],"curies":[{"name":"wp","href":"https:\/\/api.w.org\/{rel}","templated":true}]}}