{"id":24987,"date":"2021-09-07T08:10:27","date_gmt":"2021-09-07T08:43:24","guid":{"rendered":"https:\/\/evotek.md\/?post_type=product&#038;p=24987"},"modified":"2023-02-23T16:02:25","modified_gmt":"2023-02-23T16:02:25","slug":"termoblender-12-l-m-08803200","status":"publish","type":"product","link":"https:\/\/evotek.md\/ro\/produse\/echipamente-electromecanice\/blendere\/termoblender-12-l-m-08803200\/","title":{"rendered":"TERMO BLENDER 1,2 LITRI -M-08803200"},"content":{"rendered":"<p><strong>TERMO BLENDER 1,2 LITRI -M-08803200-<\/strong> blender termic dispozitiv universal de 1,2 litri. Potrivit pentru amestecare \u0219i t\u0103iere. Calitate \u00eenalt\u0103 la un pre\u021b sc\u0103zut.<\/p>\n<p>Caracteristici<br \/>\n9 viteze de p\u00e2n\u0103 la 28000 rpm<br \/>\nTemperatura de p\u00e2n\u0103 la 120 de \u00b0C<br \/>\nPanou de control complet digital cu taste tactile<br \/>\nEchipat cu 6 combina\u021bii diferite de meniu<br \/>\nUn set de lame rezistente din o\u021bel inoxidabil AISI 304 \u00eent\u0103rit<br \/>\nSetul de cu\u021bite are 4 lame \u0219i este demontat<br \/>\nIdeal pentru m\u0103run\u021bit sub\u021bire \u0219i rapid<br \/>\nGaur\u0103 \u00een capac<br \/>\nProtectie termic\u0103<br \/>\nStabil pe 4 picioare antiderapante<br \/>\nU\u0219or de cur\u0103\u021bat<br \/>\nGreutate net\u0103: 4,5 kg<br \/>\nDimensiuni: 218x218x390mm<br \/>\nConexiune: 230 V \/ 50 Hz \/ 1 faz\u0103 1550 W<\/p>\n","protected":false},"excerpt":{"rendered":"<p>Termoblender. 9 viteze de p\u00e2n\u0103 la 28000 rpm; Temperatura de p\u00e2n\u0103 la 120 de \u00b0C; Panou de control complet digital cu taste tactile; Echipat cu 6 combina\u021bii diferite de meniu; Un set de lame rezistente din o\u021bel inoxidabil AISI 304 \u00eent\u0103rit; Setul de cu\u021bite are 4 lame \u0219i este demontat; Ideal pentru m\u0103run\u021bit sub\u021bire \u0219i rapid; Gaur\u0103 \u00een capac; Protectie termic\u0103; Stabil pe 4 picioare antiderapante; U\u0219or de cur\u0103\u021bat; Greutate net\u0103: 4,5 kg; Dimensiuni: 218x218x390mm; Conexiune: 230 V \/ 50 Hz \/ 1 faz\u0103 1550 W.<\/p>\n","protected":false},"featured_media":24975,"template":"","meta":[],"_links":{"self":[{"href":"https:\/\/evotek.md\/ro\/wp-json\/wp\/v2\/product\/24987"}],"collection":[{"href":"https:\/\/evotek.md\/ro\/wp-json\/wp\/v2\/product"}],"about":[{"href":"https:\/\/evotek.md\/ro\/wp-json\/wp\/v2\/types\/product"}],"wp:featuredmedia":[{"embeddable":true,"href":"https:\/\/evotek.md\/ro\/wp-json\/wp\/v2\/media\/24975"}],"wp:attachment":[{"href":"https:\/\/evotek.md\/ro\/wp-json\/wp\/v2\/media?parent=24987"}],"curies":[{"name":"wp","href":"https:\/\/api.w.org\/{rel}","templated":true}]}}