{"id":24971,"date":"2021-09-06T14:47:48","date_gmt":"2021-09-06T14:51:32","guid":{"rendered":"https:\/\/evotek.md\/?post_type=product&#038;p=24971"},"modified":"2021-09-06T14:51:32","modified_gmt":"2021-09-06T14:51:32","slug":"perie-de-curatat-cuptorul-pizza-1100-mm-st-564401","status":"publish","type":"product","link":"https:\/\/evotek.md\/ro\/produse\/accesorii-si-inventar-bucatarie\/perii\/perie-de-curatat-cuptorul-pizza-1100-mm-st-564401\/","title":{"rendered":"PERIE DE CUR\u0102\u021aAT CUPTORUL PIZZA 1100 mm -ST-564401"},"content":{"rendered":"<p><strong>PERIE DE CUR\u0102\u021aAT CUPTORUL PIZZA 1100 mm -ST-564401<\/strong><\/p>\n<p>Caracteristici<br \/>\nConstruc\u021bie robust\u0103<br \/>\nPerie de alam\u0103<br \/>\nCoad\u0103 reglabil\u0103<br \/>\nLungime: 1100 mm<\/p>\n","protected":false},"excerpt":{"rendered":"<p>Perie de cur\u0103\u021bat cuptorul pizza 1100 mm. Construc\u021bie robust\u0103; Perie de alam\u0103; Coad\u0103 reglabil\u0103; Lungime: 1100 mm.<\/p>\n","protected":false},"featured_media":39003,"template":"","meta":[],"_links":{"self":[{"href":"https:\/\/evotek.md\/ro\/wp-json\/wp\/v2\/product\/24971"}],"collection":[{"href":"https:\/\/evotek.md\/ro\/wp-json\/wp\/v2\/product"}],"about":[{"href":"https:\/\/evotek.md\/ro\/wp-json\/wp\/v2\/types\/product"}],"wp:featuredmedia":[{"embeddable":true,"href":"https:\/\/evotek.md\/ro\/wp-json\/wp\/v2\/media\/39003"}],"wp:attachment":[{"href":"https:\/\/evotek.md\/ro\/wp-json\/wp\/v2\/media?parent=24971"}],"curies":[{"name":"wp","href":"https:\/\/api.w.org\/{rel}","templated":true}]}}