{"id":2496,"date":"2020-02-19T13:16:41","date_gmt":"2020-02-19T13:18:08","guid":{"rendered":"https:\/\/evotek.md\/?post_type=product&#038;p=2496"},"modified":"2022-09-06T13:33:15","modified_gmt":"2022-09-06T13:33:15","slug":"plita-electrica-profesionala-ped-4","status":"publish","type":"product","link":"https:\/\/evotek.md\/ro\/produse\/echipamente-termice\/plite-electrice\/plita-electrica-profesionala-ped-4\/","title":{"rendered":"PLITA ELECTRICA CU 4 ARZATOARE SI CUPTOR -PED-4"},"content":{"rendered":"<p><strong>PLITA ELECTRICA CU 4 ARZATOARE SI CUPTOR -PED-4-<\/strong> Plit\u0103 electric\u0103 cu patru arz\u0103toare \u0219i cuptor PED-4 este destinat\u0103 pentru prepararea bucatelor \u00een cantine, restaurante, cafenele, baruri \u0219i alte puncte de alimenta\u021bie public\u0103. suprafata mare si puterea arzatoarelor v\u0103 permite sa folositi vesela de capacitatea mare pentru prepararea bucatelor folosind aceasta plit\u0103. Comutatorul pe trepte de inc\u0103lzire permite controlul temeperaturii de g\u0103tire.<\/p>\n<p>Temperatura in interiorul cuptorului este distribuit\u0103 uniform.<\/p>\n<p>Conectarea la re\u021beaua electric\u0103 a plitei PED-4 este realizat\u0103 printr-un cablu de \u00eenalt\u0103 calitate izolat termic. \u00cencadrarea arz\u0103toarelor este realizat\u0103 dintr-o foaie inoxidabil\u0103 rezistent\u0103 \u0219i solid\u0103. \u00a0Picioarele sunt regabile.<\/p>\n<p>&nbsp;<\/p>\n<p>Instalare: pe podea<\/p>\n<p>Prezen\u021ba cuptorului: da<\/p>\n<p>Dimensiunea Tavelor pentru cuptor: 530x490x40 sau GN 1\/1.<\/p>\n<p>Temperatura cuptorului: +50 &#8211; +300 C.<\/p>\n<p>Num\u0103rul nivelelor cuptorului: 3<\/p>\n<p>Num\u0103rul de arz\u0103toare, buc .: \u00a04<\/p>\n<p>Dimensiune arz\u0103tor, mm: 294&#215;415<\/p>\n<p>Forma arz\u0103torului: dreptunghiular\u0103<\/p>\n<p>Interval de control al temperaturii, C: + 50 &#8230; + 300<\/p>\n<p>Tensiune: 380 V<\/p>\n<p>Puterea arz\u0103torului: 3 kW.<\/p>\n<p>Puterea cuptorului: 4,8 kW.<\/p>\n<p>Puterea toatl\u0103: 16,8 kW.<\/p>\n<p>Tensiune: 380 V.<\/p>\n<p>Dimensiuni: 930x700x850 mm.<\/p>\n<p>Greutate: 141 kg.<\/p>\n","protected":false},"excerpt":{"rendered":"<p>Plit\u0103 electric\u0103 profesional\u0103 cu 4 arz\u0103toare si cuptor pentru cafenea, restaurant, cantin\u0103, \u0219coal\u0103 sau gr\u0103dini\u021b\u0103. Arz\u0103toarele sunt de form\u0103 dreptunghiular\u0103, cu dimensiunea de 294&#215;415 mm. Puterea 16,8 kW. Dimensiuni generale 930x700x850 mm<\/p>\n","protected":false},"featured_media":2495,"template":"","meta":[],"_links":{"self":[{"href":"https:\/\/evotek.md\/ro\/wp-json\/wp\/v2\/product\/2496"}],"collection":[{"href":"https:\/\/evotek.md\/ro\/wp-json\/wp\/v2\/product"}],"about":[{"href":"https:\/\/evotek.md\/ro\/wp-json\/wp\/v2\/types\/product"}],"wp:featuredmedia":[{"embeddable":true,"href":"https:\/\/evotek.md\/ro\/wp-json\/wp\/v2\/media\/2495"}],"wp:attachment":[{"href":"https:\/\/evotek.md\/ro\/wp-json\/wp\/v2\/media?parent=2496"}],"curies":[{"name":"wp","href":"https:\/\/api.w.org\/{rel}","templated":true}]}}