{"id":24954,"date":"2021-09-06T11:12:33","date_gmt":"2021-09-06T11:16:18","guid":{"rendered":"https:\/\/evotek.md\/?post_type=product&#038;p=24954"},"modified":"2024-11-15T09:51:36","modified_gmt":"2024-11-15T09:51:36","slug":"spatula-pentru-amestecat-1000-st-314100","status":"publish","type":"product","link":"https:\/\/evotek.md\/ro\/produse\/accesorii-si-inventar-bucatarie\/spatula\/spatula-pentru-amestecat-1000-st-314100\/","title":{"rendered":"SPATULA DIN LEMN PENTRU AMESTECAT 1000 mm -ST-314100"},"content":{"rendered":"<p><strong>SPATULA DIN LEMN PENTRU AMESTECAT 1000 mm -ST-314100-<\/strong> Acesta este un instrument integral at\u00e2t \u00een buc\u0103t\u0103ria profesional\u0103, c\u00e2t \u0219i \u00een cea de acas\u0103.<\/p>\n<p>Caracteristici<\/p>\n<p>Lungimea m\u00e2nerului: 1000 mm<\/p>\n<p>Grosimea: 20 mm<\/p>\n<p>Material: Lemn (fag)<\/p>\n<p>Produc\u0103tor: Stalgast, Polonia<\/p>\n","protected":false},"excerpt":{"rendered":"<p>Spatul\u0103 pentru amestecat. Lungimea m\u00e2nerului: 1000 mm; Grosimea: 20 mm; Material: Lemn (fag); Produc\u0103tor: Stalgast, Polonia.<\/p>\n","protected":false},"featured_media":24953,"template":"","meta":[],"_links":{"self":[{"href":"https:\/\/evotek.md\/ro\/wp-json\/wp\/v2\/product\/24954"}],"collection":[{"href":"https:\/\/evotek.md\/ro\/wp-json\/wp\/v2\/product"}],"about":[{"href":"https:\/\/evotek.md\/ro\/wp-json\/wp\/v2\/types\/product"}],"wp:featuredmedia":[{"embeddable":true,"href":"https:\/\/evotek.md\/ro\/wp-json\/wp\/v2\/media\/24953"}],"wp:attachment":[{"href":"https:\/\/evotek.md\/ro\/wp-json\/wp\/v2\/media?parent=24954"}],"curies":[{"name":"wp","href":"https:\/\/api.w.org\/{rel}","templated":true}]}}