{"id":24929,"date":"2021-09-02T13:02:43","date_gmt":"2021-09-02T13:13:08","guid":{"rendered":"https:\/\/evotek.md\/?post_type=product&#038;p=24929"},"modified":"2023-01-17T13:41:26","modified_gmt":"2023-01-17T13:41:26","slug":"plita-electrica-cu-cuptor-ped-6kr-%d0%bf%d0%b5%d0%b4-6%d0%ba%d1%80","status":"publish","type":"product","link":"https:\/\/evotek.md\/ro\/produse\/echipamente-termice\/plite-electrice\/plita-electrica-cu-cuptor-ped-6kr-%d0%bf%d0%b5%d0%b4-6%d0%ba%d1%80\/","title":{"rendered":"PLITA ELECTRICA CU 6 ARZATOARE SI CUPTOR -PED-6KR (\u041f\u0415\u0414-6\u041a\u0420)"},"content":{"rendered":"<p><strong>PLITA ELECTRICA CU 6 ARZATOARE SI CUPTOR -PED-6KR (\u041f\u0415\u0414-6\u041a\u0420)-<\/strong> plit\u0103 electric\u0103 cu 6 arz\u0103toare cu cuptor este conceput\u0103 pentru a prepara bucate la unit\u0103\u021bile de alimenta\u021bie public\u0103, cantine, cafenele, restaurante.<\/p>\n<p>Facilit\u0103\u021bi:<br \/>\n-Arzatoarele sunt echipate cu protec\u021bie la supra\u00eenc\u0103lzire, care garanteaz\u0103 o durat\u0103 lung\u0103 de via\u021b\u0103.<br \/>\n-Toate arz\u0103toarele sunt \u00eenchise ermetic \u00een panourile superioare de lucru, ceea ce exclude p\u0103trunderea lichidului \u00een interiorul aragazului electric.<br \/>\n-Puterea elementelor de \u00eenc\u0103lzire superioare \u0219i inferioare ale cuptorului este reglat\u0103 separat.<br \/>\n-Instalarea electric\u0103 a pl\u0103cii industriale PED-6KR se face cu un fir cu izola\u021bie termorezistent\u0103.<br \/>\n-Picioarele-suporturile pl\u0103cii sunt reglabile \u00een \u00een\u0103l\u021bime.<br \/>\n-Suprafa\u021ba superioar\u0103 este realizat\u0103 dintr-o foaie solid\u0103 din inox sub forma unui panou \u00eencastrat cu un num\u0103r minim de \u00eembin\u0103ri.<\/p>\n<p>Caracteristici<br \/>\nInstalare: de podea<br \/>\nNum\u0103rul de arz\u0103toare: 6<br \/>\nTip arz\u0103toare: rotunde<br \/>\nDimensiunea plitei: d 235 mm<br \/>\nDimensiunea interioar\u0103 a cuptorului: 560x560x290 mm<br \/>\nTimp de \u00eenc\u0103lzire a cuptorului la 260 C: 21 min<br \/>\nDimensiunea t\u0103vii: 530\u0445490\u044540 sau GN 1\/1<br \/>\nTemperatura cuptorului: +50 &#8211; +300 \u0421<br \/>\nPutere cuptor: 4,8 kW<br \/>\nTensiune: 380V<br \/>\nPutere: 20,4 kW<br \/>\nDimensiuni: 910x700x850 mm<br \/>\nGreutate: 87 kg<\/p>\n","protected":false},"excerpt":{"rendered":"<p>Plit\u0103 electric\u0103 cu cuptor. Instalare: de podea; Num\u0103rul de arz\u0103toare: 6; Tip arz\u0103toare: rotunde; Dimensiunea plitei: d 235 mm; Dimensiunea interioar\u0103 a cuptorului: 560x560x290 mm; Timp de \u00eenc\u0103lzire a cuptorului la 260 C: 21 min; Dimensiunea t\u0103vii: 530\u0445490\u044540 sau GN 1\/1; Temperatura cuptorului: +50 &#8211; +300 \u0421; Putere cuptor: 4,8 kW; Tensiune: 380V; Putere: 20,4 kW; Dimensiuni: 910x700x850 mm; Greutate: 87 kg.<\/p>\n","protected":false},"featured_media":24928,"template":"","meta":[],"_links":{"self":[{"href":"https:\/\/evotek.md\/ro\/wp-json\/wp\/v2\/product\/24929"}],"collection":[{"href":"https:\/\/evotek.md\/ro\/wp-json\/wp\/v2\/product"}],"about":[{"href":"https:\/\/evotek.md\/ro\/wp-json\/wp\/v2\/types\/product"}],"wp:featuredmedia":[{"embeddable":true,"href":"https:\/\/evotek.md\/ro\/wp-json\/wp\/v2\/media\/24928"}],"wp:attachment":[{"href":"https:\/\/evotek.md\/ro\/wp-json\/wp\/v2\/media?parent=24929"}],"curies":[{"name":"wp","href":"https:\/\/api.w.org\/{rel}","templated":true}]}}